{"id":286,"date":"2020-04-17T19:36:49","date_gmt":"2020-04-17T17:36:49","guid":{"rendered":"http:\/\/buecherland-kaspar.de\/?post_type=product&#038;p=286"},"modified":"2020-04-20T20:10:14","modified_gmt":"2020-04-20T18:10:14","slug":"a-pal-utcai-fiuk","status":"publish","type":"product","link":"https:\/\/buecherland-kaspar.de\/de\/product\/a-pal-utcai-fiuk\/","title":{"rendered":"A P\u00e1l utcai fi\u00fak"},"content":{"rendered":"<p>P\u00e1l utcai fi\u00fakat az teszi n\u00e9pszer\u0171v\u00e9, hogy az \u00e9let minden \u00e1ga-boga benne van: iskola \u00e9s j\u00e1t\u00e9k, bar\u00e1ts\u00e1g \u00e9s harc, p\u00e1rtoskod\u00e1s \u00e9s \u00f6sszetart\u00e1s - minden, eg\u00e9szen a hal\u00e1lig. S az \u00edr\u00f3 mindezt gyerek\u00e9sznek, gyereksz\u00edvnek sz\u00f3l\u00f3an sz\u0151tte reg\u00e9nybe. A gyerekvil\u00e1g t\u00fckr\u00e9ben l\u00e1ttatja a vil\u00e1got. Boka, Nemecsek, \u00c1ts Feri \u00e9s a t\u00f6bbiek t\u00f6rt\u00e9nete \u00e1t\u00e9lhet\u0151 csaknem b\u00e1rhol, s az ezredfordul\u00f3n semmivel sem kev\u00e9sb\u00e9, mint sz\u00fclet\u00e9sekor, a XX. sz\u00e1zad kezdet\u00e9n. Tal\u00e1n ez a magyar\u00e1zata a reg\u00e9ny p\u00e9ld\u00e1tlan hazai \u00e9s vil\u00e1gsiker\u00e9nek. K\u00f6zel k\u00e9t tucat nyelven jelent meg, s aj\u00e1nlott olvasm\u00e1ny nemcsak a magyar iskol\u00e1kban, hanem t\u00e1voli f\u00f6ldr\u00e9szeken is.<\/p>","protected":false},"excerpt":{"rendered":"<p>P\u00e1l utcai fi\u00fakat az teszi n\u00e9pszer\u0171v\u00e9, hogy az \u00e9let minden \u00e1ga-boga benne van: iskola \u00e9s j\u00e1t\u00e9k, bar\u00e1ts\u00e1g \u00e9s harc, p\u00e1rtoskod\u00e1s \u00e9s \u00f6sszetart\u00e1s - minden, eg\u00e9szen a hal\u00e1lig. S az \u00edr\u00f3 mindezt gyerek\u00e9sznek, gyereksz\u00edvnek sz\u00f3l\u00f3an sz\u0151tte reg\u00e9nybe. A gyerekvil\u00e1g t\u00fckr\u00e9ben l\u00e1ttatja a vil\u00e1got. Boka, Nemecsek, \u00c1ts Feri \u00e9s a t\u00f6bbiek t\u00f6rt\u00e9nete \u00e1t\u00e9lhet\u0151 csaknem b\u00e1rhol, s az [&hellip;]<\/p>","protected":false},"featured_media":334,"template":"","meta":[],"product_cat":[16],"product_tag":[],"acf":[],"_links":{"self":[{"href":"https:\/\/buecherland-kaspar.de\/de\/wp-json\/wp\/v2\/product\/286"}],"collection":[{"href":"https:\/\/buecherland-kaspar.de\/de\/wp-json\/wp\/v2\/product"}],"about":[{"href":"https:\/\/buecherland-kaspar.de\/de\/wp-json\/wp\/v2\/types\/product"}],"wp:featuredmedia":[{"embeddable":true,"href":"https:\/\/buecherland-kaspar.de\/de\/wp-json\/wp\/v2\/media\/334"}],"wp:attachment":[{"href":"https:\/\/buecherland-kaspar.de\/de\/wp-json\/wp\/v2\/media?parent=286"}],"wp:term":[{"taxonomy":"product_cat","embeddable":true,"href":"https:\/\/buecherland-kaspar.de\/de\/wp-json\/wp\/v2\/product_cat?post=286"},{"taxonomy":"product_tag","embeddable":true,"href":"https:\/\/buecherland-kaspar.de\/de\/wp-json\/wp\/v2\/product_tag?post=286"}],"curies":[{"name":"wp","href":"https:\/\/api.w.org\/{rel}","templated":true}]}}