{"id":287,"date":"2020-04-17T19:37:05","date_gmt":"2020-04-17T17:37:05","guid":{"rendered":"http:\/\/buecherland-kaspar.de\/?post_type=product&#038;p=287"},"modified":"2020-04-20T20:12:56","modified_gmt":"2020-04-20T18:12:56","slug":"magyarorszag-3-nyelvu","status":"publish","type":"product","link":"https:\/\/buecherland-kaspar.de\/de\/product\/magyarorszag-3-nyelvu\/","title":{"rendered":"Magyarorsz\u00e1g (3 nyelv\u0171)"},"content":{"rendered":"<p>Szeretlek Magyarorsz\u00e1g c\u00edm\u0171 k\u00f6nyv\u00fcnkben bemutatjuk e kis, tenger n\u00e9lk\u00fcli orsz\u00e1g tengernyi sz\u00e9ps\u00e9g\u00e9t.<\/p>\n<p>In our book called \"\"I love Hungary\"\", we present this small, landlocked country's endless beauty.<\/p>\n<p>In unserem Buch, \"\"Ich liebe Ungarn\"\", stellen wir ein Meer von Sch\u00f6nheiten dieses kleinen Landes ohne Meer vor.<\/p>","protected":false},"excerpt":{"rendered":"<p>Szeretlek Magyarorsz\u00e1g c\u00edm\u0171 k\u00f6nyv\u00fcnkben bemutatjuk e kis, tenger n\u00e9lk\u00fcli orsz\u00e1g tengernyi sz\u00e9ps\u00e9g\u00e9t. In our book called \"\"I love Hungary\"\", we present this small, landlocked country's endless beauty. In unserem Buch, \"\"Ich liebe Ungarn\"\", stellen wir ein Meer von Sch\u00f6nheiten dieses kleinen Landes ohne Meer vor.<\/p>","protected":false},"featured_media":339,"template":"","meta":[],"product_cat":[16],"product_tag":[],"acf":[],"_links":{"self":[{"href":"https:\/\/buecherland-kaspar.de\/de\/wp-json\/wp\/v2\/product\/287"}],"collection":[{"href":"https:\/\/buecherland-kaspar.de\/de\/wp-json\/wp\/v2\/product"}],"about":[{"href":"https:\/\/buecherland-kaspar.de\/de\/wp-json\/wp\/v2\/types\/product"}],"wp:featuredmedia":[{"embeddable":true,"href":"https:\/\/buecherland-kaspar.de\/de\/wp-json\/wp\/v2\/media\/339"}],"wp:attachment":[{"href":"https:\/\/buecherland-kaspar.de\/de\/wp-json\/wp\/v2\/media?parent=287"}],"wp:term":[{"taxonomy":"product_cat","embeddable":true,"href":"https:\/\/buecherland-kaspar.de\/de\/wp-json\/wp\/v2\/product_cat?post=287"},{"taxonomy":"product_tag","embeddable":true,"href":"https:\/\/buecherland-kaspar.de\/de\/wp-json\/wp\/v2\/product_tag?post=287"}],"curies":[{"name":"wp","href":"https:\/\/api.w.org\/{rel}","templated":true}]}}