{"id":288,"date":"2020-04-17T19:37:21","date_gmt":"2020-04-17T17:37:21","guid":{"rendered":"http:\/\/buecherland-kaspar.de\/?post_type=product&#038;p=288"},"modified":"2020-04-20T20:13:35","modified_gmt":"2020-04-20T18:13:35","slug":"erdely-3-nyelvu","status":"publish","type":"product","link":"https:\/\/buecherland-kaspar.de\/de\/product\/erdely-3-nyelvu\/","title":{"rendered":"Erd\u00e9ly (3 nyelv\u0171)"},"content":{"rendered":"<p>Erd\u00e9lyre nehezen tal\u00e1lunk szavakat.<\/p>\n<p>Mesebeli hely, mely tele van \u00e9rintetlen erd\u0151s\u00e9gekkel, magas hegyekkel, mes\u00e9kkel, legend\u00e1kkal, megk\u00f6v\u00fclt t\u00f6rt\u00e9nelemmel.<\/p>\n<p>It is hard to find words to describe Transylvania. A wonderful place with untouched forests, high peaks, fairy tales, legends and history carved in stones.<\/p>\n<p>Wir finden keine Worte f\u00fcr Transsilvanien. Es ist ein m\u00e4rchenharfter Ort mit unber\u00fchrten W\u00e4ldern, hoschen Bergen, M\u00e4rchen, Legenden und mit versteinerter Geschichte.<\/p>","protected":false},"excerpt":{"rendered":"<p>Erd\u00e9lyre nehezen tal\u00e1lunk szavakat. Mesebeli hely, mely tele van \u00e9rintetlen erd\u0151s\u00e9gekkel, magas hegyekkel, mes\u00e9kkel, legend\u00e1kkal, megk\u00f6v\u00fclt t\u00f6rt\u00e9nelemmel. It is hard to find words to describe Transylvania. A wonderful place with untouched forests, high peaks, fairy tales, legends and history carved in stones. Wir finden keine Worte f\u00fcr Transsilvanien. Es ist ein m\u00e4rchenharfter Ort mit unber\u00fchrten [&hellip;]<\/p>","protected":false},"featured_media":340,"template":"","meta":[],"product_cat":[16],"product_tag":[],"acf":[],"_links":{"self":[{"href":"https:\/\/buecherland-kaspar.de\/de\/wp-json\/wp\/v2\/product\/288"}],"collection":[{"href":"https:\/\/buecherland-kaspar.de\/de\/wp-json\/wp\/v2\/product"}],"about":[{"href":"https:\/\/buecherland-kaspar.de\/de\/wp-json\/wp\/v2\/types\/product"}],"wp:featuredmedia":[{"embeddable":true,"href":"https:\/\/buecherland-kaspar.de\/de\/wp-json\/wp\/v2\/media\/340"}],"wp:attachment":[{"href":"https:\/\/buecherland-kaspar.de\/de\/wp-json\/wp\/v2\/media?parent=288"}],"wp:term":[{"taxonomy":"product_cat","embeddable":true,"href":"https:\/\/buecherland-kaspar.de\/de\/wp-json\/wp\/v2\/product_cat?post=288"},{"taxonomy":"product_tag","embeddable":true,"href":"https:\/\/buecherland-kaspar.de\/de\/wp-json\/wp\/v2\/product_tag?post=288"}],"curies":[{"name":"wp","href":"https:\/\/api.w.org\/{rel}","templated":true}]}}