{"id":290,"date":"2020-04-17T19:37:56","date_gmt":"2020-04-17T17:37:56","guid":{"rendered":"http:\/\/buecherland-kaspar.de\/?post_type=product&#038;p=290"},"modified":"2020-04-20T20:03:01","modified_gmt":"2020-04-20T18:03:01","slug":"teged-akarlak","status":"publish","type":"product","link":"https:\/\/buecherland-kaspar.de\/de\/product\/teged-akarlak\/","title":{"rendered":"T\u00e9ged akarlak"},"content":{"rendered":"<p>H\u00e1t itt vagyok. Visszat\u00e9rtem. R\u00f3ma. Fiumicino, hogy pontos legyek. A kij\u00e1rat fel\u00e9 tartok. Kil\u00e9pek az \u00fcvegajt\u00f3n, \u00e9s az utc\u00e1ra jutok. El\u0151ttem taxik sorakoznak. De abban a pillanatban valami furcsa \u00e9rz\u00e9s fog el. Mintha valaki figyelne. Hirtelen megfordulok. Semmi. Nincs rosszabb, mint amikor v\u00e1rsz valamit... De nem t\u00f6rt\u00e9nik semmi.\u201d<br \/>\nEgy k\u00e9rd\u00e9ssel b\u00facs\u00faztunk Stept\u0151l: \u201eVisszajutok-e valaha oda, ahol kiz\u00e1r\u00f3lag a szerelmesek \u00e9lnek, h\u00e1rom m\u00e9terrel a felh\u0151k f\u00f6l\u00e9?\u201d \u00c9s a v\u00e1lasz hamarosan meg\u00e9rkezik. Ugyanis semelyik t\u00f6rt\u00e9net sem \u00e9r val\u00f3j\u00e1ban v\u00e9get. \u00c9s n\u00e9ha \u00fagy folytat\u00f3dik, ahogyan sosem k\u00e9pzelted volna. Step elutazott, \u00e9s hazat\u00e9rni k\u00e9sz\u00fcl. R\u00e1j\u00f6n, hogy soha semmi sem ugyanolyan, mint ahogyan magad m\u00f6g\u00f6tt hagytad. Vagy jobban mondva, ahogyan eml\u00e9kszel r\u00e1. Minden megv\u00e1ltozik \u00e9s felfedi igazi arc\u00e1t. Step megtanulja, hogy a szerelemben nem mindig tudjuk, mit is akarunk val\u00f3j\u00e1ban. M\u00e9g akkor sem, amikor annyira magabiztosnak gondoljuk magunkat.<br \/>\nFederico Moccia k\u00f6zvetlen \u00e9s hat\u00e1rozott st\u00edlus\u00e1val megmutatja nek\u00fcnk, mik\u00e9nt fon\u00f3dik \u00f6ssze a jelen mindig a m\u00falttal, miel\u0151tt j\u00f6v\u0151 lesz bel\u0151le. Kisz\u00e1m\u00edthatatlan j\u00f6v\u0151. Hiszen a szerelem is mindig kisz\u00e1m\u00edthatatlan.<\/p>","protected":false},"excerpt":{"rendered":"<p>H\u00e1t itt vagyok. Visszat\u00e9rtem. R\u00f3ma. Fiumicino, hogy pontos legyek. A kij\u00e1rat fel\u00e9 tartok. Kil\u00e9pek az \u00fcvegajt\u00f3n, \u00e9s az utc\u00e1ra jutok. El\u0151ttem taxik sorakoznak. De abban a pillanatban valami furcsa \u00e9rz\u00e9s fog el. Mintha valaki figyelne. Hirtelen megfordulok. Semmi. Nincs rosszabb, mint amikor v\u00e1rsz valamit... De nem t\u00f6rt\u00e9nik semmi.\u201d Egy k\u00e9rd\u00e9ssel b\u00facs\u00faztunk Stept\u0151l: \u201eVisszajutok-e valaha oda, [&hellip;]<\/p>","protected":false},"featured_media":323,"template":"","meta":[],"product_cat":[16],"product_tag":[],"acf":[],"_links":{"self":[{"href":"https:\/\/buecherland-kaspar.de\/de\/wp-json\/wp\/v2\/product\/290"}],"collection":[{"href":"https:\/\/buecherland-kaspar.de\/de\/wp-json\/wp\/v2\/product"}],"about":[{"href":"https:\/\/buecherland-kaspar.de\/de\/wp-json\/wp\/v2\/types\/product"}],"wp:featuredmedia":[{"embeddable":true,"href":"https:\/\/buecherland-kaspar.de\/de\/wp-json\/wp\/v2\/media\/323"}],"wp:attachment":[{"href":"https:\/\/buecherland-kaspar.de\/de\/wp-json\/wp\/v2\/media?parent=290"}],"wp:term":[{"taxonomy":"product_cat","embeddable":true,"href":"https:\/\/buecherland-kaspar.de\/de\/wp-json\/wp\/v2\/product_cat?post=290"},{"taxonomy":"product_tag","embeddable":true,"href":"https:\/\/buecherland-kaspar.de\/de\/wp-json\/wp\/v2\/product_tag?post=290"}],"curies":[{"name":"wp","href":"https:\/\/api.w.org\/{rel}","templated":true}]}}