{"id":291,"date":"2020-04-17T19:38:25","date_gmt":"2020-04-17T17:38:25","guid":{"rendered":"http:\/\/buecherland-kaspar.de\/?post_type=product&#038;p=291"},"modified":"2020-04-20T20:19:53","modified_gmt":"2020-04-20T18:19:53","slug":"a-felhok-folott-3-meterrel-2","status":"publish","type":"product","link":"https:\/\/buecherland-kaspar.de\/de\/product\/a-felhok-folott-3-meterrel-2\/","title":{"rendered":"A felh\u0151k f\u00f6l\u00f6tt 3 m\u00e9terrel"},"content":{"rendered":"<p>\"\u201eA nap \u00e9ppen most kel fel, gy\u00f6ny\u00f6r\u0171 reggel van. Babi iskol\u00e1ba tart, mik\u00f6zben Step m\u00e9g nem t\u00e9rt aludni az el\u0151z\u0151 \u00e9jszaka \u00f3ta. Ez a nap is \u00fagy indul, mint a t\u00f6bbi. Legal\u00e1bbis am\u00edg egym\u00e1s mell\u00e9 nem ker\u00fclnek a piros l\u00e1mp\u00e1n\u00e1l. Ett\u0151l kezdve semmi sem lesz m\u00e1r ugyanaz.\u201d<br \/>\nBabi gazdag sz\u00fcl\u0151k gyermeke, kiv\u00e1l\u00f3 tanul\u00f3, igazi \u201ej\u00f3kisl\u00e1ny\u201d, m\u00edg Step \u201eneh\u00e9zfi\u00fa\u201d, aki \u00e1lland\u00f3an keresi a vesz\u00e9lyt, folyamatosan harcban \u00e1ll mindennel \u00e9s mindenkivel, illeg\u00e1lis motorversenyeken vesz r\u00e9szt. K\u00e9t k\u00fcl\u00f6nb\u00f6z\u0151 vil\u00e1ghoz tartoznak, m\u00e9gis egym\u00e1sba szeretnek.<\/p>\n<p>A felh\u0151k f\u00f6l\u00f6tt 3 m\u00e9terrel-t egy kis r\u00f3mai kiad\u00f3 adta ki, majd \u00e9vekig f\u00e9nym\u00e1solatokon terjedt, \u00edgy v\u00e1lt kultuszreg\u00e9nny\u00e9 az olasz f\u0151v\u00e1ros fiataljainak k\u00f6r\u00e9ben. Siker\u00e9t mi sem bizony\u00edtja jobban, mint hogy k\u00e9t filmadapt\u00e1ci\u00f3 is k\u00e9sz\u00fclt bel\u0151le.\"<\/p>","protected":false},"excerpt":{"rendered":"<p>\"\u201eA nap \u00e9ppen most kel fel, gy\u00f6ny\u00f6r\u0171 reggel van. Babi iskol\u00e1ba tart, mik\u00f6zben Step m\u00e9g nem t\u00e9rt aludni az el\u0151z\u0151 \u00e9jszaka \u00f3ta. Ez a nap is \u00fagy indul, mint a t\u00f6bbi. Legal\u00e1bbis am\u00edg egym\u00e1s mell\u00e9 nem ker\u00fclnek a piros l\u00e1mp\u00e1n\u00e1l. Ett\u0151l kezdve semmi sem lesz m\u00e1r ugyanaz.\u201d Babi gazdag sz\u00fcl\u0151k gyermeke, kiv\u00e1l\u00f3 tanul\u00f3, igazi \u201ej\u00f3kisl\u00e1ny\u201d, [&hellip;]<\/p>","protected":false},"featured_media":352,"template":"","meta":[],"product_cat":[16],"product_tag":[],"acf":[],"_links":{"self":[{"href":"https:\/\/buecherland-kaspar.de\/de\/wp-json\/wp\/v2\/product\/291"}],"collection":[{"href":"https:\/\/buecherland-kaspar.de\/de\/wp-json\/wp\/v2\/product"}],"about":[{"href":"https:\/\/buecherland-kaspar.de\/de\/wp-json\/wp\/v2\/types\/product"}],"wp:featuredmedia":[{"embeddable":true,"href":"https:\/\/buecherland-kaspar.de\/de\/wp-json\/wp\/v2\/media\/352"}],"wp:attachment":[{"href":"https:\/\/buecherland-kaspar.de\/de\/wp-json\/wp\/v2\/media?parent=291"}],"wp:term":[{"taxonomy":"product_cat","embeddable":true,"href":"https:\/\/buecherland-kaspar.de\/de\/wp-json\/wp\/v2\/product_cat?post=291"},{"taxonomy":"product_tag","embeddable":true,"href":"https:\/\/buecherland-kaspar.de\/de\/wp-json\/wp\/v2\/product_tag?post=291"}],"curies":[{"name":"wp","href":"https:\/\/api.w.org\/{rel}","templated":true}]}}