{"id":293,"date":"2020-04-17T19:39:09","date_gmt":"2020-04-17T17:39:09","guid":{"rendered":"http:\/\/buecherland-kaspar.de\/?post_type=product&#038;p=293"},"modified":"2020-04-20T20:22:48","modified_gmt":"2020-04-20T18:22:48","slug":"harmadszor-is-te","status":"publish","type":"product","link":"https:\/\/buecherland-kaspar.de\/de\/product\/harmadszor-is-te\/","title":{"rendered":"Harmadszor is te"},"content":{"rendered":"<p>A felh\u0151k f\u00f6l\u00f6tt 3 m\u00e9terrel tril\u00f3gia befejez\u0151 k\u00f6tete<\/p>\n<p>Mi lett azzal a sr\u00e1ccal, aki haragudott az eg\u00e9sz vil\u00e1gra, azzal a hulig\u00e1nnal, aki a d\u00e9lut\u00e1nokat a t\u00e9ren t\u00f6lt\u00f6tte a haverjaival, az \u00e9jszak\u00e1kat pedig a motorj\u00e1n sz\u00e1guldozva? Stepnek n\u00e9ha az az \u00e9rz\u00e9se, hogy mindez valaki m\u00e1ssal t\u00f6rt\u00e9nt meg. Az\u00f3ta teljesen megv\u00e1ltozott, sikeres t\u00e9v\u00e9producer lett bel\u0151le, aki arra k\u00e9sz\u00fcl, hogy feles\u00e9g\u00fcl vegye v\u00e1lasztottj\u00e1t, Gint. Gint, aki kedves, sz\u00e9p, gyeng\u00e9d, t\u00f6k\u00e9letes. M\u00e9g azt is megbocs\u00e1totta neki, hogy hat \u00e9ve megcsalta \u0151t els\u0151, soha el nem felejtett szerelm\u00e9vel, Babival. Babi \u00e9s Step az\u00f3ta nem tal\u00e1lkoztak, de Babi hirtelen \u00fajra felbukkan, \u00e9s torn\u00e1d\u00f3k\u00e9nt s\u00f6p\u00f6r v\u00e9gig Step \u00e9let\u00e9n, ugyanis felfed egy felkavar\u00f3 titkot. Step k\u00e9nytelen \u00fajra sz\u00e1mot vetni az \u00e9let\u00e9vel, \u00e9s megk\u00e9rd\u0151jelezni mindent, amit biztosnak v\u00e9lt. K\u00e9nyelmetlen k\u00e9rd\u00e9sek ezek. T\u00e9nyleg boldog Ginnel? Babi ir\u00e1nti szerelme csup\u00e1n egy eml\u00e9k, vagy egy olyan t\u0171z, melyet soha senki nem k\u00e9pes kioltani?<\/p>","protected":false},"excerpt":{"rendered":"<p>A felh\u0151k f\u00f6l\u00f6tt 3 m\u00e9terrel tril\u00f3gia befejez\u0151 k\u00f6tete Mi lett azzal a sr\u00e1ccal, aki haragudott az eg\u00e9sz vil\u00e1gra, azzal a hulig\u00e1nnal, aki a d\u00e9lut\u00e1nokat a t\u00e9ren t\u00f6lt\u00f6tte a haverjaival, az \u00e9jszak\u00e1kat pedig a motorj\u00e1n sz\u00e1guldozva? Stepnek n\u00e9ha az az \u00e9rz\u00e9se, hogy mindez valaki m\u00e1ssal t\u00f6rt\u00e9nt meg. Az\u00f3ta teljesen megv\u00e1ltozott, sikeres t\u00e9v\u00e9producer lett bel\u0151le, aki arra [&hellip;]<\/p>","protected":false},"featured_media":359,"template":"","meta":[],"product_cat":[16],"product_tag":[],"acf":[],"_links":{"self":[{"href":"https:\/\/buecherland-kaspar.de\/de\/wp-json\/wp\/v2\/product\/293"}],"collection":[{"href":"https:\/\/buecherland-kaspar.de\/de\/wp-json\/wp\/v2\/product"}],"about":[{"href":"https:\/\/buecherland-kaspar.de\/de\/wp-json\/wp\/v2\/types\/product"}],"wp:featuredmedia":[{"embeddable":true,"href":"https:\/\/buecherland-kaspar.de\/de\/wp-json\/wp\/v2\/media\/359"}],"wp:attachment":[{"href":"https:\/\/buecherland-kaspar.de\/de\/wp-json\/wp\/v2\/media?parent=293"}],"wp:term":[{"taxonomy":"product_cat","embeddable":true,"href":"https:\/\/buecherland-kaspar.de\/de\/wp-json\/wp\/v2\/product_cat?post=293"},{"taxonomy":"product_tag","embeddable":true,"href":"https:\/\/buecherland-kaspar.de\/de\/wp-json\/wp\/v2\/product_tag?post=293"}],"curies":[{"name":"wp","href":"https:\/\/api.w.org\/{rel}","templated":true}]}}