{"id":295,"date":"2020-04-17T19:40:40","date_gmt":"2020-04-17T17:40:40","guid":{"rendered":"http:\/\/buecherland-kaspar.de\/?post_type=product&#038;p=295"},"modified":"2020-04-20T20:12:17","modified_gmt":"2020-04-20T18:12:17","slug":"miutan-elvesztettelek","status":"publish","type":"product","link":"https:\/\/buecherland-kaspar.de\/de\/product\/miutan-elvesztettelek\/","title":{"rendered":"Miut\u00e1n elvesztettelek"},"content":{"rendered":"<p>Hogyan tehetj\u00fck t\u00fal magunkat azon, ha elvesz\u00edtett\u00fck, akit mindenn\u00e9l jobban szerett\u00fcnk?<br \/>\nHogyan gy\u0151zhetj\u00fck meg magunkat arr\u00f3l, hogy \u00e9rdemes tov\u00e1bb \u00e9lni? Lou sz\u00e1m\u00e1ra a Will ut\u00e1ni \u00e9let azzal j\u00e1r, hogy meg kell tanulnia \u00fajra szeretni - v\u00e1llalva mindazt a vesz\u00e9lyt, ami ezzel j\u00e1r. T\u00f6bb\u00e9 m\u00e1r nem egy h\u00e9tk\u00f6znapi \u00e9letet \u00e9l\u0151, h\u00e9tk\u00f6znapi l\u00e1ny. A szerelm\u00e9vel t\u00f6lt\u00f6tt var\u00e1zslatos h\u00f3napok ut\u00e1n a mag\u00e1nyos \u00e9let csupa f\u00e1jdalom \u00e9s k\u00fczdelem. Amikor egy szerencs\u00e9tlen baleset k\u00f6vetkezt\u00e9ben k\u00e9nytelen visszak\u00f6lt\u00f6zni a csal\u00e1dj\u00e1hoz, \u00f3hatatlanul \u00fagy \u00e9rzi, pont ugyanott tart, ahol azel\u0151tt, hogy megismerte Willt.<br \/>\nA s\u00e9r\u00fcl\u00e9sei lassan gy\u00f3gyulnak, \u00e1m a sz\u00edve \u00e9s lelke mintha tetszhalott \u00e1llapotban rekedt volna, a r\u00e1teleped\u0151 gy\u00e1sszal nemigen tud megbirk\u00f3zni. \u00cdgy keveredik el azt\u00e1n a Tov\u00e1bbl\u00e9p\u0151k nev\u0171 ter\u00e1pi\u00e1s csoportba, ahol megtapasztal \u00f6r\u00f6m\u00f6t is, b\u00e1natot is, \u00e9s ahol a bar\u00e1tok mellett mindig gyal\u00e1zatosan rossz keksz v\u00e1rja. Meg tal\u00e1n \u00faj ismerets\u00e9g is - hacsak egy Will m\u00faltj\u00e1b\u00f3l felbukkan\u00f3 szem\u00e9ly meg nem hi\u00fas\u00edtja Lou rem\u00e9nyeit azzal, hogy a j\u00f6v\u0151j\u00e9t eg\u00e9szen \u00faj ir\u00e1nyba tereli.<\/p>\n<p>Jojo Moyes vil\u00e1gszerte \u00f3ri\u00e1si sikert aratott k\u00f6tete, a Miel\u0151tt megismertelek megh\u00f6kkent\u0151 k\u00f6nyv: a f\u0151szerepl\u0151 szerelmesp\u00e1r egyik tagja a reg\u00e9ny v\u00e9g\u00e9n meghal. A Miut\u00e1n elvesztettelek elmes\u00e9li, mihez kezd \u00e9let\u00e9vel a mag\u00e1ra maradt Lou. A szerz\u0151 a m\u00e1r ismert \u00e9s m\u00e9g ismeretlen szerepl\u0151kkel ism\u00e9t leny\u0171g\u00f6z\u0151en remek t\u00f6rt\u00e9netet alkotott, amelyben nem k\u00edm\u00e9li sem a rekeszizmunkat, sem k\u00f6nnycsatorn\u00e1inkat.<\/p>","protected":false},"excerpt":{"rendered":"<p>Hogyan tehetj\u00fck t\u00fal magunkat azon, ha elvesz\u00edtett\u00fck, akit mindenn\u00e9l jobban szerett\u00fcnk? Hogyan gy\u0151zhetj\u00fck meg magunkat arr\u00f3l, hogy \u00e9rdemes tov\u00e1bb \u00e9lni? Lou sz\u00e1m\u00e1ra a Will ut\u00e1ni \u00e9let azzal j\u00e1r, hogy meg kell tanulnia \u00fajra szeretni - v\u00e1llalva mindazt a vesz\u00e9lyt, ami ezzel j\u00e1r. T\u00f6bb\u00e9 m\u00e1r nem egy h\u00e9tk\u00f6znapi \u00e9letet \u00e9l\u0151, h\u00e9tk\u00f6znapi l\u00e1ny. A szerelm\u00e9vel t\u00f6lt\u00f6tt var\u00e1zslatos [&hellip;]<\/p>","protected":false},"featured_media":338,"template":"","meta":[],"product_cat":[16],"product_tag":[],"acf":[],"_links":{"self":[{"href":"https:\/\/buecherland-kaspar.de\/de\/wp-json\/wp\/v2\/product\/295"}],"collection":[{"href":"https:\/\/buecherland-kaspar.de\/de\/wp-json\/wp\/v2\/product"}],"about":[{"href":"https:\/\/buecherland-kaspar.de\/de\/wp-json\/wp\/v2\/types\/product"}],"wp:featuredmedia":[{"embeddable":true,"href":"https:\/\/buecherland-kaspar.de\/de\/wp-json\/wp\/v2\/media\/338"}],"wp:attachment":[{"href":"https:\/\/buecherland-kaspar.de\/de\/wp-json\/wp\/v2\/media?parent=295"}],"wp:term":[{"taxonomy":"product_cat","embeddable":true,"href":"https:\/\/buecherland-kaspar.de\/de\/wp-json\/wp\/v2\/product_cat?post=295"},{"taxonomy":"product_tag","embeddable":true,"href":"https:\/\/buecherland-kaspar.de\/de\/wp-json\/wp\/v2\/product_tag?post=295"}],"curies":[{"name":"wp","href":"https:\/\/api.w.org\/{rel}","templated":true}]}}