{"id":296,"date":"2020-04-17T19:41:31","date_gmt":"2020-04-17T17:41:31","guid":{"rendered":"http:\/\/buecherland-kaspar.de\/?post_type=product&#038;p=296"},"modified":"2020-04-20T20:29:47","modified_gmt":"2020-04-20T18:29:47","slug":"miota-megszerettelek","status":"publish","type":"product","link":"https:\/\/buecherland-kaspar.de\/de\/product\/miota-megszerettelek\/","title":{"rendered":"Mi\u00f3ta megszerettelek"},"content":{"rendered":"<p>A tril\u00f3gia vil\u00e1gszerte milli\u00f3k \u00e1ltal v\u00e1rt \u00fajabb k\u00f6tet\u00e9ben tov\u00e1bb folytat\u00f3dik a hatalmas sikert aratott Miel\u0151tt megismertelek c\u00edm\u0171 reg\u00e9nyben bemutatott Lou Clark t\u00f6rt\u00e9nete.<br \/>\nLou sok mindent tud. Pontosan tudja p\u00e9ld\u00e1ul, hogy milyen nagy a t\u00e1vols\u00e1g \u00faj New York-i otthona \u00e9s londoni bar\u00e1tja, Sam lak\u00e1sa k\u00f6z\u00f6tt. Azt is tudja, hogy a f\u0151n\u00f6ke j\u00f3 ember, ahogy azt is, hogy a feles\u00e9ge eltitkol valamit a f\u00e9rfi el\u0151l.<br \/>\nAzt viszont nem tudhatja, hogy mik\u00f6zben beleveti mag\u00e1t New York t\u00e1rsas\u00e1gi \u00e9let\u00e9be, hamarosan megismerkedik valakivel, aki j\u00f3kora felfordul\u00e1st okoz a lelk\u00e9ben. Merthogy Josh elk\u00e9peszt\u0151 m\u00f3don eml\u00e9kezteti valakire, akire rendk\u00edv\u00fcl f\u00e1jdalmas visszaeml\u00e9keznie.<br \/>\nAzt sem tudja Lou, hogy mihez kezdjen a kialakult helyzetben - csup\u00e1n azt tudja, hogy b\u00e1rmilyen d\u00f6nt\u00e9s hoz, az mindent visszavonhatatlanul megv\u00e1ltoztat az \u00e9let\u00e9ben. \u00c9s hogy mindenk\u00e9pp k\u00f6vetnie kell a sz\u00edve szav\u00e1t, ak\u00e1rhov\u00e1 is vezesse.<\/p>","protected":false},"excerpt":{"rendered":"<p>A tril\u00f3gia vil\u00e1gszerte milli\u00f3k \u00e1ltal v\u00e1rt \u00fajabb k\u00f6tet\u00e9ben tov\u00e1bb folytat\u00f3dik a hatalmas sikert aratott Miel\u0151tt megismertelek c\u00edm\u0171 reg\u00e9nyben bemutatott Lou Clark t\u00f6rt\u00e9nete. Lou sok mindent tud. Pontosan tudja p\u00e9ld\u00e1ul, hogy milyen nagy a t\u00e1vols\u00e1g \u00faj New York-i otthona \u00e9s londoni bar\u00e1tja, Sam lak\u00e1sa k\u00f6z\u00f6tt. Azt is tudja, hogy a f\u0151n\u00f6ke j\u00f3 ember, ahogy azt is, [&hellip;]<\/p>","protected":false},"featured_media":365,"template":"","meta":[],"product_cat":[16],"product_tag":[],"acf":[],"_links":{"self":[{"href":"https:\/\/buecherland-kaspar.de\/de\/wp-json\/wp\/v2\/product\/296"}],"collection":[{"href":"https:\/\/buecherland-kaspar.de\/de\/wp-json\/wp\/v2\/product"}],"about":[{"href":"https:\/\/buecherland-kaspar.de\/de\/wp-json\/wp\/v2\/types\/product"}],"wp:featuredmedia":[{"embeddable":true,"href":"https:\/\/buecherland-kaspar.de\/de\/wp-json\/wp\/v2\/media\/365"}],"wp:attachment":[{"href":"https:\/\/buecherland-kaspar.de\/de\/wp-json\/wp\/v2\/media?parent=296"}],"wp:term":[{"taxonomy":"product_cat","embeddable":true,"href":"https:\/\/buecherland-kaspar.de\/de\/wp-json\/wp\/v2\/product_cat?post=296"},{"taxonomy":"product_tag","embeddable":true,"href":"https:\/\/buecherland-kaspar.de\/de\/wp-json\/wp\/v2\/product_tag?post=296"}],"curies":[{"name":"wp","href":"https:\/\/api.w.org\/{rel}","templated":true}]}}