{"id":297,"date":"2020-04-17T19:42:17","date_gmt":"2020-04-17T17:42:17","guid":{"rendered":"http:\/\/buecherland-kaspar.de\/?post_type=product&#038;p=297"},"modified":"2020-04-20T20:17:56","modified_gmt":"2020-04-20T18:17:56","slug":"a-gyuruk-ura-3reszes","status":"publish","type":"product","link":"https:\/\/buecherland-kaspar.de\/de\/product\/a-gyuruk-ura-3reszes\/","title":{"rendered":"A gy\u0171r\u0171k ura (3r\u00e9szes)"},"content":{"rendered":"<p>A Gy\u0171r\u0171k Ura t\u00fcnd\u00e9rmese. M\u00e9gpedig -- legal\u00e1bbis terjedelm\u00e9t tekintve -- alighanem minden id\u0151k legnagyobb t\u00fcnd\u00e9rmes\u00e9je. Tolkien k\u00e9pzelete szabadon, r\u00e1\u00e9r\u0151sen kalandozik a k\u00f6nyv h\u00e1rom vaskos k\u00f6tet\u00e9ben -- vagyis abban a k\u00e9pzelt id\u0151ben, mikor a vil\u00e1g sor\u00e1t m\u00e9g nem az ember szabta meg, hanem a j\u00f3t \u00e9s sz\u00e9pet, a gonoszat \u00e9s \u00e1lnokot egyar\u00e1nt ember el\u0151tti l\u00e9nyek, \u0151si er\u0151k k\u00e9pviselt\u00e9k. Abban az id\u0151ben, mikor a mi id\u0151sz\u00e1m\u00edt\u00e1sunk el\u0151tt ki tudja, h\u00e1ny ezer, t\u00edzezer esztend\u0151vel a J\u00f3 kisebbs\u00e9gbe szorult er\u0151i sz\u00f6vets\u00e9gre l\u00e9ptek, hogy a Rossz er\u0151it legy\u0151zz\u00e9k: t\u00fcnd\u00e9rek, f\u00e9lt\u00fcnd\u00e9k, az \u0151si Nyugat-f\u00f6lde er\u00e9nyeit \u0151rz\u0151 emberek, t\u00f6rp\u00f6k \u00e9s f\u00e9lszerzetek, erd\u0151 \u00f6regjei fogtak \u00f6ssze, hogy a j\u00f3 var\u00e1zslat eszk\u00f6z\u00e9vel, s a nagy m\u00e1gus, Gandalf vezet\u00e9s\u00e9vel v\u00e9g\u00fcl gy\u0151zelmet arassanak, de \u00e9pp e gy\u0151zelem k\u00f6vetkezt\u00e9ben eleny\u00e9sszen az \u0151 idej\u00fck, s az \u00e1rnyak birodalm\u00e1ba \u00e1thaj\u00f3zva \u00e1tadj\u00e1k a f\u00f6ldet \u00faj ur\u00e1nak, az emberfajnak.<\/p>\n<p>K\u00fcl\u00f6n\u00f6s vil\u00e1g ez az emberf\u00f6l\u00f6tti -- vagy emberalatti -- l\u00e9nyekkel ben\u00e9pes\u00edtett K\u00f6z\u00e9pf\u00f6lde. Anyagi val\u00f3s\u00e1ga nincs. Balj\u00f3s, fekete v\u00e1rai, csod\u00e1s feh\u00e9r tornyai, fullaszt\u00f3, s\u0171r\u0171 erdei, gyilkos hegyei, s\u00f6t\u00e9t m\u00e9lys\u00e9gei gondoskodnak r\u00f3la, hogy egy pillanatig ne \u00e9rezz\u00fck magunkat a foghat\u00f3 val\u00f3s\u00e1g k\u00f6zeg\u00e9ben. K\u00fcl\u00f6n\u00f6s, hisz ebben a mesevil\u00e1gban, ahol oly \u00e9kesen vir\u00e1goznak a lovagi er\u00e9nyek, v\u00e9letlen\u00fcl sem tal\u00e1lkozunk az emelkedett eszm\u00e9nyeket hirdet\u0151 kora k\u00f6z\u00e9pkori lovagvil\u00e1g fon\u00e1kj\u00e1val, az eszm\u00e9nyek m\u00e1za alatt a k\u00f6ny\u00f6rtelen t\u00e1rsadalmi tagoz\u00f3d\u00e1ssal, elnyom\u00e1ssal, nyomorral, l\u00e9tbizonytalans\u00e1ggal; ebben a k\u00fcls\u0151re feud\u00e1lisnak tetsz\u0151 vil\u00e1gban j\u00f3 is, rossz is vele sz\u00fcletik a szerepl\u0151kkel, ott rejlik a sz\u00edv\u00fck m\u00e9ly\u00e9n; a k\u00f6nyv szem\u00e9lytelen szerepl\u0151je a mor\u00e1l, az pedig kiben-kiben bels\u0151 parancs.<\/p>","protected":false},"excerpt":{"rendered":"<p>A Gy\u0171r\u0171k Ura t\u00fcnd\u00e9rmese. M\u00e9gpedig -- legal\u00e1bbis terjedelm\u00e9t tekintve -- alighanem minden id\u0151k legnagyobb t\u00fcnd\u00e9rmes\u00e9je. Tolkien k\u00e9pzelete szabadon, r\u00e1\u00e9r\u0151sen kalandozik a k\u00f6nyv h\u00e1rom vaskos k\u00f6tet\u00e9ben -- vagyis abban a k\u00e9pzelt id\u0151ben, mikor a vil\u00e1g sor\u00e1t m\u00e9g nem az ember szabta meg, hanem a j\u00f3t \u00e9s sz\u00e9pet, a gonoszat \u00e9s \u00e1lnokot egyar\u00e1nt ember el\u0151tti l\u00e9nyek, \u0151si [&hellip;]<\/p>","protected":false},"featured_media":350,"template":"","meta":[],"product_cat":[16],"product_tag":[],"acf":[],"_links":{"self":[{"href":"https:\/\/buecherland-kaspar.de\/de\/wp-json\/wp\/v2\/product\/297"}],"collection":[{"href":"https:\/\/buecherland-kaspar.de\/de\/wp-json\/wp\/v2\/product"}],"about":[{"href":"https:\/\/buecherland-kaspar.de\/de\/wp-json\/wp\/v2\/types\/product"}],"wp:featuredmedia":[{"embeddable":true,"href":"https:\/\/buecherland-kaspar.de\/de\/wp-json\/wp\/v2\/media\/350"}],"wp:attachment":[{"href":"https:\/\/buecherland-kaspar.de\/de\/wp-json\/wp\/v2\/media?parent=297"}],"wp:term":[{"taxonomy":"product_cat","embeddable":true,"href":"https:\/\/buecherland-kaspar.de\/de\/wp-json\/wp\/v2\/product_cat?post=297"},{"taxonomy":"product_tag","embeddable":true,"href":"https:\/\/buecherland-kaspar.de\/de\/wp-json\/wp\/v2\/product_tag?post=297"}],"curies":[{"name":"wp","href":"https:\/\/api.w.org\/{rel}","templated":true}]}}