{"id":298,"date":"2020-04-17T19:43:10","date_gmt":"2020-04-17T17:43:10","guid":{"rendered":"http:\/\/buecherland-kaspar.de\/?post_type=product&#038;p=298"},"modified":"2020-04-17T19:43:10","modified_gmt":"2020-04-17T17:43:10","slug":"harry-potter-7reszes","status":"publish","type":"product","link":"https:\/\/buecherland-kaspar.de\/de\/product\/harry-potter-7reszes\/","title":{"rendered":"Harry Potter (7r\u00e9szes)"},"content":{"rendered":"<p>Harry Potter \u00e9s a B\u00f6lcsek k\u00f6ve [1. k\u00f6nyv]: Az els\u0151 Harry Potter k\u00f6nyv egy teljesen \u00faj vil\u00e1gba kalauzol el: J. K. Rowling var\u00e1zsvil\u00e1g\u00e1ba, ami a m\u00e1gia seg\u00edts\u00e9g\u00e9vel p\u00e1rhuzamosan \u00e9li a mindennapjait a muglik (var\u00e1zstalan emberek) mellett a jelenkor Angli\u00e1j\u00e1ban. Ennek a vil\u00e1gnak a leggonoszabb var\u00e1zsl\u00f3j\u00e1t, akinek a nev\u00e9t (Voldemort) ki sem merik mondani, legy\u0151zte egy el\u00e1rvult csecsem\u0151, Harry Potter. Harry 11 \u00e9vig a gonosz rokonain\u00e1l nevelkedik, m\u00edgnem felv\u00e9telt nyer a Roxfort Var\u00e1zsl\u00f3-, \u00e9s Boszork\u00e1nyk\u00e9pz\u0151 Szakiskol\u00e1ba, ahol az els\u0151 \u00e9v boldogan telne, ha Voldemort nem k\u00eds\u00e9rtene ott minden sarkon...<\/p>\n<p>Harry Potter \u00e9s a Titkok Kamr\u00e1ja [2. k\u00f6nyv]: a Roxfortban t\u00f6lt\u00f6tt m\u00e1sodik tan\u00e9v kalandosan indul Harry sz\u00e1m\u00e1ra, de ez mind semmi azokhoz a sz\u00f6rny\u0171s\u00e9gekhez k\u00e9pest, amik a kast\u00e9lyban fel\u00fctik a fej\u00fcket. V\u00e9rrel m\u00e1zolt feliratok a falon, a kast\u00e9lyb\u00f3l menek\u00fcl\u0151 p\u00f3kok, k\u0151v\u00e9 v\u00e1ltozott macsk\u00e1k \u00e9s di\u00e1kok... Azt suttogj\u00e1k, hogy valaki kinyitotta a Titkok Kamr\u00e1j\u00e1t, \u00e9s kiszabadult egy sz\u00f6rnyeteg, amit m\u00e9g Mardek\u00e1r z\u00e1rt be oda. \u00c1ll\u00edt\u00f3lag 50 \u00e9vvel kor\u00e1bban t\u00f6rt\u00e9nt hasonl\u00f3, de akkor egy \u00e1rtatlanra kent\u00e9k az eg\u00e9szet. Vajon most siker\u00fcl megf\u00e9kezni, \u00e9s megmenteni a Titkok Kamr\u00e1j\u00e1nak \u00e1rtatlan \u00e1ldozatait?<\/p>\n<p>Harry Potter \u00e9s az azkabani fogoly [3. k\u00f6nyv]: a var\u00e1zsvil\u00e1gban a c\u00edmoldalakat \u00faj h\u00edr t\u00f6lti meg: a legsz\u00f6rny\u0171bb var\u00e1zsl\u00f3b\u00f6rt\u00f6nb\u0151l, az Azkabanb\u00f3l megsz\u00f6k\u00f6tt a h\u00edrhedt Sirius Black. Harryt figyelmeztetik, hogy Sirius Black az \u00e9let\u00e9re t\u00f6rhet, mert Voldemort k\u00f6vet\u0151je volt... Val\u00f3j\u00e1ban sem a fogoly, sem leg\u00fajabb tan\u00e1ruk, Remus Lupin nem az akinek hitt\u00e9k \u2013 de vajon siker\u00fcl \u00e9rv\u00e9nyt szerezni a 12 \u00e9ve \u0151rz\u00f6tt igazs\u00e1gnak Harry sz\u00fcleir\u0151l? Sokak szerint ez a Harry Potter k\u00f6nyvek legjobbika!<\/p>\n<p>Harry Potter \u00e9s a t\u0171z serlege [4. k\u00f6nyv]: A Roxfort nem mindennapi esem\u00e9ny h\u00e1zigazd\u00e1ja Harry Potter negyedik tan\u00e9v\u00e9ben: itt rendezik meg a Trim\u00e1gus tus\u00e1t, ahol h\u00e1rom var\u00e1zsl\u00f3iskola egy-egy bajnoka k\u00fczd az \u00f6r\u00f6k d\u00edcs\u0151s\u00e9g\u00e9rt. B\u00e1r a megm\u00e9retettet\u00e9s hal\u00e1los vesz\u00e9llyel j\u00e1r, \u00e9s csak 17 \u00e9vesek nevezhetnek, Harry rejt\u00e9lyes m\u00f3don, akarat\u00e1n k\u00edv\u00fcl m\u00e9gis negyedik versenyz\u0151 lesz. Valaki a h\u00e1tt\u00e9rben keveri a k\u00e1rty\u00e1kat, de senki sem tudja, hogy ki, \u00e9s milyen c\u00e9llal...<\/p>\n<p>Harry Potter \u00e9s a F\u0151nix rendje [5. k\u00f6nyv]: Voldemort visszat\u00e9rt, \u00e9s testet \u00f6lt\u00f6tt, de ezt nem mindenki hiszi el, mert az egyetlen \u00e9l\u0151 szemtan\u00fa Harry Potter. A M\u00e1gia\u00fcgyi Miniszt\u00e9rium is tagadja a h\u00edrt, mi t\u00f6bb: hadj\u00e1ratot szervez mindenki ellen, aki m\u00e1st \u00e1ll\u00edt. Dumbledore ism\u00e9t \u00e9letre h\u00edvja az egykor Voldemort ellen k\u00fczd\u0151 F\u0151nix rendj\u00e9t, azonban trag\u00e9di\u00e1k sora is kell ahhoz, hogy a var\u00e1zsvil\u00e1g v\u00e9gre elhigye, \u0151, akit nem nevez\u00fcnk a nev\u00e9n, visszat\u00e9rt.<\/p>\n<p>Harry Potter \u00e9s a F\u00e9lv\u00e9r herceg [6. k\u00f6nyv]: Mik\u00f6zben Harry a rejt\u00e9lyes F\u00e9lv\u00e9r herceg \u00e1ltal kiprepar\u00e1lt tank\u00f6nyvb\u0151l brill\u00edroz a tan\u00e9v sor\u00e1n, Dumbledore seg\u00edts\u00e9g\u00e9vel Voldemort m\u00faltj\u00e1nak darabjait kutatj\u00e1k, hogy el\u0151nyt kov\u00e1csoljanak bel\u0151le. Harry nem is sejti, hogy a F\u00e9lv\u00e9r herceg m\u00e9g mindig a Roxfortban van, \u00e9s sz\u00f6rny\u0171 \u00e1ldozat v\u00e9grehajt\u00e1s\u00e1ra k\u00e9sz\u00fcl...<\/p>\n<p>Harry Potter \u00e9s a Hal\u00e1l erekly\u00e9i [7. k\u00f6nyv]: Voldemort el\u0151ret\u00f6rt, \u00e9s m\u00e1r csak az utols\u00f3 sim\u00edt\u00e1sokra van sz\u00fcks\u00e9ge, hogy megszil\u00e1rd\u00edtsa hatalm\u00e1t. Harry \u00e9s bar\u00e1tai Dumbledore intelmei alapj\u00e1n Horcruxokra vad\u00e1sznak, mert ezek elpuszt\u00edt\u00e1sa n\u00e9lk\u00fcl lehetetlen a v\u00e9gs\u0151 gy\u0151zelem a S\u00f6t\u00e9t Nagy\u00far ellen. A keres\u00e9s a megsz\u00e1llt Roxfortba vezet, ahol v\u00e9g\u00fcl Harry \u00e9s Voldemort meg kell hogy k\u00fczdj\u00f6n egym\u00e1ssal, de vajon Harry fel van-e k\u00e9sz\u00fclve az utols\u00f3 titkokra?<\/p>\n<p>Harry Potter \u00e9s az el\u00e1tkozott gyermek [8. k\u00f6nyv]: 19 \u00e9vvel a roxforti csata ut\u00e1n j\u00e1runk. Harry \u00e9s koroszt\u00e1lya m\u00e1r sz\u00fcl\u0151k lettek, \u00e9lik a dolgos h\u00e9tk\u00f6znapjaikat \u2013 ennek a t\u00f6rt\u00e9netnek m\u00e1r a k\u00f6vetkez\u0151 gener\u00e1ci\u00f3 a f\u0151szerepl\u0151je. Harry \u00e9s Draco Malfoy fia j\u00f3 bar\u00e1tok, \u00e9s mer\u0151 j\u00f3sz\u00e1nd\u00e9kb\u00f3l megkaparintj\u00e1k az utols\u00f3 l\u00e9tez\u0151 id\u0151nyer\u0151t, amivel \u00f3ri\u00e1si k\u00e1oszt id\u00e9znek el\u0151... Tal\u00e1n m\u00e9g Voldemort legy\u0151z\u00e9s\u00e9t is semmiss\u00e9 teszik? A t\u00f6rt\u00e9net a kor\u00e1bbi Harry Potter k\u00f6nyvek rengeteg mozzanat\u00e1ra utal vissza, ami boldog nosztalgi\u00e1val t\u00f6lti meg az \u00edzig-v\u00e9rig Harry Potter sz\u00edndarab \u00e1tirat\u00e1t.<\/p>","protected":false},"excerpt":{"rendered":"<p>Harry Potter \u00e9s a B\u00f6lcsek k\u00f6ve [1. k\u00f6nyv]: Az els\u0151 Harry Potter k\u00f6nyv egy teljesen \u00faj vil\u00e1gba kalauzol el: J. K. Rowling var\u00e1zsvil\u00e1g\u00e1ba, ami a m\u00e1gia seg\u00edts\u00e9g\u00e9vel p\u00e1rhuzamosan \u00e9li a mindennapjait a muglik (var\u00e1zstalan emberek) mellett a jelenkor Angli\u00e1j\u00e1ban. Ennek a vil\u00e1gnak a leggonoszabb var\u00e1zsl\u00f3j\u00e1t, akinek a nev\u00e9t (Voldemort) ki sem merik mondani, legy\u0151zte egy [&hellip;]<\/p>","protected":false},"featured_media":299,"template":"","meta":[],"product_cat":[16],"product_tag":[],"acf":[],"_links":{"self":[{"href":"https:\/\/buecherland-kaspar.de\/de\/wp-json\/wp\/v2\/product\/298"}],"collection":[{"href":"https:\/\/buecherland-kaspar.de\/de\/wp-json\/wp\/v2\/product"}],"about":[{"href":"https:\/\/buecherland-kaspar.de\/de\/wp-json\/wp\/v2\/types\/product"}],"wp:featuredmedia":[{"embeddable":true,"href":"https:\/\/buecherland-kaspar.de\/de\/wp-json\/wp\/v2\/media\/299"}],"wp:attachment":[{"href":"https:\/\/buecherland-kaspar.de\/de\/wp-json\/wp\/v2\/media?parent=298"}],"wp:term":[{"taxonomy":"product_cat","embeddable":true,"href":"https:\/\/buecherland-kaspar.de\/de\/wp-json\/wp\/v2\/product_cat?post=298"},{"taxonomy":"product_tag","embeddable":true,"href":"https:\/\/buecherland-kaspar.de\/de\/wp-json\/wp\/v2\/product_tag?post=298"}],"curies":[{"name":"wp","href":"https:\/\/api.w.org\/{rel}","templated":true}]}}