{"id":300,"date":"2020-04-17T19:43:36","date_gmt":"2020-04-17T17:43:36","guid":{"rendered":"http:\/\/buecherland-kaspar.de\/?post_type=product&#038;p=300"},"modified":"2020-04-20T20:35:06","modified_gmt":"2020-04-20T18:35:06","slug":"csernobili-ima","status":"publish","type":"product","link":"https:\/\/buecherland-kaspar.de\/de\/product\/csernobili-ima\/","title":{"rendered":"Csernobili ima"},"content":{"rendered":"<p>\"Hal\u00e1l rejt\u0151z\u00f6tt minden\u00fctt, de ez valamilyen m\u00e1s hal\u00e1l volt. \u00daj maszkokat viselt, kor\u00e1bban ismeretlen k\u00fcls\u0151t \u00f6lt\u00f6tt.\"\"<br \/>\n\"\"Mi ez - a m\u00falt vagy a j\u00f6v\u0151?\"\"<\/p>\n<p>1986. \u00e1prilis 26-\u00e1n kezd\u0151d\u00f6tt Csernobilban minden id\u0151k legnagyobb atomer\u0151m\u0171-katasztr\u00f3f\u00e1ja. Az akkori szovjet vezet\u00e9s titkol\u00f3z\u00e1sa miatt a vil\u00e1g napokig szinte semmit sem tudott r\u00f3la...<br \/>\nA Nobel-d\u00edjas feh\u00e9rorosz \u00edr\u00f3n\u0151 k\u00e9t \u00e9vtizedet sz\u00e1nt a t\u00e9ma feldolgoz\u00e1s\u00e1ra. Besz\u00e9lt olyan emberekkel, akiket r\u00f6gt\u00f6n a katasztr\u00f3fa ut\u00e1n a helysz\u00ednre rendeltek, \u00e9s a legvesz\u00e9lyesebb munk\u00e1kat v\u00e9geztett\u00e9k vel\u00fck. Besz\u00e9lt az \u00f6zvegyekkel, akiknek csak a kit\u00fcntet\u00e9sek \u00e9s az oklevelek maradtak. Besz\u00e9lt azokkal, akik az er\u0151m\u0171 k\u00f6zel\u00e9ben, a paraszti Atlantissz\u00e1 v\u00e1lt Pol\u00e9zi\u00e1ban \u00e9ltek - azt\u00e1n bedeszk\u00e1zt\u00e1k a k\u00fatjukat, \u00e9s kitelep\u00edtett\u00e9k \u0151ket, vagy maradhattak a h\u00e1zukban, de ezt\u00e1n m\u00e1r \u00fagy \u00e9ltek, mint egy rezerv\u00e1tum lak\u00f3i. Megismerj\u00fck az \u00e1ldozatokat, a felel\u0151s\u00f6ket \u00e9s a szovjet virtusba belerokkant vakmer\u0151 \u00f6nk\u00e9nteseket. Megismerj\u00fck azokat, akik sz\u00e1m\u00e1ra Csernobil filoz\u00f3fiai probl\u00e9ma, az atomkorszak ut\u00e1ni ember alap\u00edt\u00f3 m\u00edtosza, \u00e9s azokat is, akik a szovjethatalom ellens\u00e9geit, a Nyugatot \u00e9s az \u00e1rul\u00f3kat okolj\u00e1k \u00e9rte.<br \/>\nCsernobil nemcsak egy\u00e9ni, csal\u00e1di, hanem nemzeti trag\u00e9dia is. Nem szovjet, nem orosz, nem is ukr\u00e1n, hanem feh\u00e9rorosz nemzeti trag\u00e9dia. A t\u00edzmilli\u00f3s nemzetb\u0151l t\u00f6bb mint k\u00e9tmilli\u00f3an \u00e9lnek szennyezett ter\u00fcleten. Mert amikor a szovjet h\u00edrad\u00f3kban \u00f6r\u00f6mh\u00edrk\u00e9nt k\u00f6z\u00f6lt\u00e9k, hogy szerencs\u00e9re nem Kijev fel\u00e9 sz\u00e1llt a radioakt\u00edv felh\u0151, azt nem k\u00f6z\u00f6lt\u00e9k, hogy Minszket \u00e9s Feh\u00e9roroszorsz\u00e1got bor\u00edtotta el. Mivel a birodalom itt t\u00f6bbsz\u00f6r is er\u0151szakkal \u00e1ll\u00edtotta meg a nemzett\u00e9 v\u00e1l\u00e1s folyamat\u00e1t, sokan csak ekkor d\u00f6bbentek r\u00e1, hogy az \u0151 sorsuk m\u00e1s, maguknak kell kital\u00e1lniuk, hogyan menthetik meg az \u00e9let\u00fcket. A gyarmati sorban \u00e9l\u0151 nemzet a csernobili katasztr\u00f3f\u00e1val l\u00e9pett be a vil\u00e1gt\u00f6rt\u00e9nelembe. Mert az afganiszt\u00e1ni h\u00e1bor\u00fa \u00e9s az atomkatasztr\u00f3fa a birodalmat is romba d\u00f6nt\u00f6tte.<br \/>\nCsernobil minden szerepl\u0151 sz\u00e1m\u00e1ra korszakhat\u00e1r. A boldog tudatlans\u00e1g elveszt\u00e9s\u00e9t jelenti, ahonnan csak hossz\u00fa id\u0151 ut\u00e1n lehet eljutni a rezign\u00e1lt, keser\u0171 b\u00f6lcsess\u00e9gig. Vannak, akik m\u00e1r eljutottak ide, \u00e9s vannak, akik most csak most indulnak el, mint a Szolzsenyicint olvas\u00f3 falusi p\u00e1rttitk\u00e1r. Egyesek menek\u00fclnek a z\u00f3n\u00e1b\u00f3l, m\u00e1sokat meg vonz az a ter\u00fclet, amelyet lassan visszah\u00f3d\u00edt a term\u00e9szet.<br \/>\nCsernobil nemcsak katasztr\u00f3fa volt, hanem figyelmeztet\u00e9s is. \u00c9s Alekszijevics szerint minden nemzed\u00e9knek olvasnia kell a j\u00f6v\u0151nek hagyott jelekb\u0151l.<br \/>\nCsernobil ma is aktu\u00e1lis. \u00c9s aktu\u00e1lis lesz m\u00e9g 48 ezer \u00e9vig.\"<\/p>","protected":false},"excerpt":{"rendered":"<p>\"Hal\u00e1l rejt\u0151z\u00f6tt minden\u00fctt, de ez valamilyen m\u00e1s hal\u00e1l volt. \u00daj maszkokat viselt, kor\u00e1bban ismeretlen k\u00fcls\u0151t \u00f6lt\u00f6tt.\"\" \"\"Mi ez - a m\u00falt vagy a j\u00f6v\u0151?\"\" 1986. \u00e1prilis 26-\u00e1n kezd\u0151d\u00f6tt Csernobilban minden id\u0151k legnagyobb atomer\u0151m\u0171-katasztr\u00f3f\u00e1ja. Az akkori szovjet vezet\u00e9s titkol\u00f3z\u00e1sa miatt a vil\u00e1g napokig szinte semmit sem tudott r\u00f3la... A Nobel-d\u00edjas feh\u00e9rorosz \u00edr\u00f3n\u0151 k\u00e9t \u00e9vtizedet sz\u00e1nt a [&hellip;]<\/p>","protected":false},"featured_media":375,"template":"","meta":[],"product_cat":[16],"product_tag":[],"acf":[],"_links":{"self":[{"href":"https:\/\/buecherland-kaspar.de\/de\/wp-json\/wp\/v2\/product\/300"}],"collection":[{"href":"https:\/\/buecherland-kaspar.de\/de\/wp-json\/wp\/v2\/product"}],"about":[{"href":"https:\/\/buecherland-kaspar.de\/de\/wp-json\/wp\/v2\/types\/product"}],"wp:featuredmedia":[{"embeddable":true,"href":"https:\/\/buecherland-kaspar.de\/de\/wp-json\/wp\/v2\/media\/375"}],"wp:attachment":[{"href":"https:\/\/buecherland-kaspar.de\/de\/wp-json\/wp\/v2\/media?parent=300"}],"wp:term":[{"taxonomy":"product_cat","embeddable":true,"href":"https:\/\/buecherland-kaspar.de\/de\/wp-json\/wp\/v2\/product_cat?post=300"},{"taxonomy":"product_tag","embeddable":true,"href":"https:\/\/buecherland-kaspar.de\/de\/wp-json\/wp\/v2\/product_tag?post=300"}],"curies":[{"name":"wp","href":"https:\/\/api.w.org\/{rel}","templated":true}]}}