{"id":301,"date":"2020-04-17T19:44:03","date_gmt":"2020-04-17T17:44:03","guid":{"rendered":"http:\/\/buecherland-kaspar.de\/?post_type=product&#038;p=301"},"modified":"2020-04-20T20:09:46","modified_gmt":"2020-04-20T18:09:46","slug":"egyasszony","status":"publish","type":"product","link":"https:\/\/buecherland-kaspar.de\/de\/product\/egyasszony\/","title":{"rendered":"Egyasszony"},"content":{"rendered":"<p>Egy fiatal vid\u00e9ki l\u00e1nynak a 80-as \u00e9vek derek\u00e1n mozg\u00e1s- \u00e9s \u00e9rtelmi s\u00e9r\u00fclt gyermeke sz\u00fcletett. B\u00e1ntalmaz\u00f3 f\u00e9rje oldal\u00e1n k\u00fczd\u00f6tt kitart\u00f3an a csal\u00e1dja boldogs\u00e1g\u00e1\u00e9rt, de harca kudarcra volt \u00edt\u00e9lve<\/p>\n<p>Az\u00f3ta eltelt t\u00f6bb mint harminc \u00e9v, a l\u00e1nyb\u00f3l asszony lett, de nem siker\u00fclt feldolgoznia az \u00e1t\u00e9lteket. Ez\u00e9rt kezdett blogot \u00edrni, amit r\u00f6vid id\u0151n bel\u00fcl sz\u00e1zezrek olvastak.<\/p>\n<p>P\u00e9terfy-Nov\u00e1k \u00c9va t\u00f6rt\u00e9nete a vesztes\u00e9g ut\u00e1ni tov\u00e1bbl\u00e9p\u00e9sr\u0151l \u00e9s az elfogad\u00e1s folyamat\u00e1r\u00f3l sz\u00f3l egy olyan korban \u00e9s k\u00f6zegben, mely sem a hib\u00e1t beismerni, sem a m\u00e1ss\u00e1ggal egy\u00fctt \u00e9lni nem akar.<\/p>\n<p>Borzongtam, \u00e9s nem tudtam letenni. \u0150szinte b\u00e1tors\u00e1ga er\u0151t ad az \u00e9let elfogad\u00e1s\u00e1hoz.<\/p>\n<p>Ez nem egy asszony sorsa, ez mindannyiunk sorsa!<\/p>","protected":false},"excerpt":{"rendered":"<p>Egy fiatal vid\u00e9ki l\u00e1nynak a 80-as \u00e9vek derek\u00e1n mozg\u00e1s- \u00e9s \u00e9rtelmi s\u00e9r\u00fclt gyermeke sz\u00fcletett. B\u00e1ntalmaz\u00f3 f\u00e9rje oldal\u00e1n k\u00fczd\u00f6tt kitart\u00f3an a csal\u00e1dja boldogs\u00e1g\u00e1\u00e9rt, de harca kudarcra volt \u00edt\u00e9lve Az\u00f3ta eltelt t\u00f6bb mint harminc \u00e9v, a l\u00e1nyb\u00f3l asszony lett, de nem siker\u00fclt feldolgoznia az \u00e1t\u00e9lteket. Ez\u00e9rt kezdett blogot \u00edrni, amit r\u00f6vid id\u0151n bel\u00fcl sz\u00e1zezrek olvastak. P\u00e9terfy-Nov\u00e1k \u00c9va [&hellip;]<\/p>","protected":false},"featured_media":333,"template":"","meta":[],"product_cat":[16],"product_tag":[],"acf":[],"_links":{"self":[{"href":"https:\/\/buecherland-kaspar.de\/de\/wp-json\/wp\/v2\/product\/301"}],"collection":[{"href":"https:\/\/buecherland-kaspar.de\/de\/wp-json\/wp\/v2\/product"}],"about":[{"href":"https:\/\/buecherland-kaspar.de\/de\/wp-json\/wp\/v2\/types\/product"}],"wp:featuredmedia":[{"embeddable":true,"href":"https:\/\/buecherland-kaspar.de\/de\/wp-json\/wp\/v2\/media\/333"}],"wp:attachment":[{"href":"https:\/\/buecherland-kaspar.de\/de\/wp-json\/wp\/v2\/media?parent=301"}],"wp:term":[{"taxonomy":"product_cat","embeddable":true,"href":"https:\/\/buecherland-kaspar.de\/de\/wp-json\/wp\/v2\/product_cat?post=301"},{"taxonomy":"product_tag","embeddable":true,"href":"https:\/\/buecherland-kaspar.de\/de\/wp-json\/wp\/v2\/product_tag?post=301"}],"curies":[{"name":"wp","href":"https:\/\/api.w.org\/{rel}","templated":true}]}}