{"id":302,"date":"2020-04-17T19:44:33","date_gmt":"2020-04-17T17:44:33","guid":{"rendered":"http:\/\/buecherland-kaspar.de\/?post_type=product&#038;p=302"},"modified":"2020-04-20T20:21:11","modified_gmt":"2020-04-20T18:21:11","slug":"igy-lettem","status":"publish","type":"product","link":"https:\/\/buecherland-kaspar.de\/de\/product\/igy-lettem\/","title":{"rendered":"\u00cdgy lettem"},"content":{"rendered":"<p>Az Egyes\u00fclt \u00c1llamok egykori first ladyj\u00e9nek szem\u00e9lyes, \u00e1t\u00fct\u0151 erej\u0171 \u00e9s inspir\u00e1l\u00f3 \u00f6n\u00e9letrajza<\/p>\n<p>Michelle Obama, jelent\u0151s \u00fcgyekkel f\u00e9mjelzett \u00e9s eredm\u00e9nyes eddigi \u00e9lete sor\u00e1n korunk egyik ikonikus \u00e9s leny\u0171g\u00f6z\u0151 alakj\u00e1v\u00e1 v\u00e1lt. Az Amerikai Egyes\u00fclt \u00c1llamok els\u0151 afroamerikai first ladyj\u00e9nek nagy szerepe volt abban, hogy a Feh\u00e9r H\u00e1zban soha nem l\u00e1tott nyitotts\u00e1g \u00e9s elfogad\u00f3 k\u00f6zeg alakuljon ki.<\/p>\n<p>R\u00e1ad\u00e1sul a n\u0151k er\u0151teljes t\u00e1mogat\u00f3j\u00e1v\u00e1 v\u00e1lt szerte a vil\u00e1gon. A csal\u00e1dok eg\u00e9szs\u00e9gesebb \u00e9s akt\u00edvabb \u00e9let\u00e9nek sz\u00f3sz\u00f3l\u00f3jak\u00e9nt hatalmas v\u00e1ltoz\u00e1sokat k\u00f6sz\u00f6nhet\u00fcnk neki. A f\u00e9rje mellett \u00e1llt, mik\u00f6zben Barack Obama az orsz\u00e1g t\u00f6rt\u00e9net\u00e9nek n\u00e9h\u00e1ny leggy\u00f6trelmesebb pillanat\u00e1ban helyt\u00e1llt eln\u00f6kk\u00e9nt. K\u00f6zben megtan\u00edtott nek\u00fcnk egy-k\u00e9t t\u00e1ncl\u00e9p\u00e9st, nagyot alak\u00edtott a Carpool Karaok\u00e9ban, \u00e9s k\u00e9t l\u00e1ny\u00e1t a k\u00f6ny\u00f6rtelen rivaldaf\u00e9ny ellen\u00e9re j\u00f3zan szeml\u00e9lettel nevelte.<\/p>\n<p>M\u00e9lyr\u0151l j\u00f6v\u0151 vallom\u00e1sokban \u00e9s magukkal ragad\u00f3 t\u00f6rt\u00e9netekben b\u0151velked\u0151 \u00f6n\u00e9letrajzi k\u00f6nyv\u00e9ben Michelle Obama bepillant\u00e1st enged \u00e9lete kulcsfontoss\u00e1g\u00fa pillanataiba - a Chicago d\u00e9li r\u00e9sz\u00e9n t\u00f6lt\u00f6tt gyerekkor\u00e1t\u00f3l vezet\u0151i poz\u00edci\u00f3ba ker\u00fcl\u00e9s\u00e9ig. Besz\u00e1mol t\u00f6bbek k\u00f6z\u00f6tt arr\u00f3l is, hogyan siker\u00fclt egyens\u00falyt teremtenie karrierje \u00e9s az anyaszerep k\u00f6z\u00f6tt, \u00e9s hogy milyen volt az \u00e9lete a Feh\u00e9r H\u00e1zban. K\u00edm\u00e9letlen \u0151szintes\u00e9ggel \u00e9s szellemes \u00e9lesl\u00e1t\u00e1ssal \u00edr az \u00e9let minden ter\u00fclet\u00e9n meg\u00e9lt gy\u0151zelmeir\u0151l \u00e9s kudarcair\u00f3l, eg\u00e9sz t\u00f6rt\u00e9net\u00e9t el\u00e9nk t\u00e1rja - saj\u00e1t szavaival \u00e9s saj\u00e1t szemsz\u00f6g\u00e9b\u0151l. A Becoming lapjain szeretetteljes, b\u00f6lcs, de kend\u0151zetlen sz\u00f3kimond\u00e1s\u00e1nak k\u00f6sz\u00f6nhet\u0151en egy m\u00e9lyen \u00e9rz\u0151, kiv\u00e1l\u00f3 teljes\u00edtm\u00e9nyeivel a v\u00e1rakoz\u00e1sokat folyton fel\u00fclm\u00fal\u00f3 n\u0151 t\u00f6rt\u00e9nete bontakozik ki el\u0151tt\u00fcnk, aki \u00e9pp ez\u00e9rt m\u00e1sokat is arra \u00f6szt\u00f6n\u00f6z majd, hogy azz\u00e1 v\u00e1ljanak, akiv\u00e9 szeretn\u00e9nek.<\/p>","protected":false},"excerpt":{"rendered":"<p>Az Egyes\u00fclt \u00c1llamok egykori first ladyj\u00e9nek szem\u00e9lyes, \u00e1t\u00fct\u0151 erej\u0171 \u00e9s inspir\u00e1l\u00f3 \u00f6n\u00e9letrajza Michelle Obama, jelent\u0151s \u00fcgyekkel f\u00e9mjelzett \u00e9s eredm\u00e9nyes eddigi \u00e9lete sor\u00e1n korunk egyik ikonikus \u00e9s leny\u0171g\u00f6z\u0151 alakj\u00e1v\u00e1 v\u00e1lt. Az Amerikai Egyes\u00fclt \u00c1llamok els\u0151 afroamerikai first ladyj\u00e9nek nagy szerepe volt abban, hogy a Feh\u00e9r H\u00e1zban soha nem l\u00e1tott nyitotts\u00e1g \u00e9s elfogad\u00f3 k\u00f6zeg alakuljon ki. R\u00e1ad\u00e1sul [&hellip;]<\/p>","protected":false},"featured_media":355,"template":"","meta":[],"product_cat":[16],"product_tag":[],"acf":[],"_links":{"self":[{"href":"https:\/\/buecherland-kaspar.de\/de\/wp-json\/wp\/v2\/product\/302"}],"collection":[{"href":"https:\/\/buecherland-kaspar.de\/de\/wp-json\/wp\/v2\/product"}],"about":[{"href":"https:\/\/buecherland-kaspar.de\/de\/wp-json\/wp\/v2\/types\/product"}],"wp:featuredmedia":[{"embeddable":true,"href":"https:\/\/buecherland-kaspar.de\/de\/wp-json\/wp\/v2\/media\/355"}],"wp:attachment":[{"href":"https:\/\/buecherland-kaspar.de\/de\/wp-json\/wp\/v2\/media?parent=302"}],"wp:term":[{"taxonomy":"product_cat","embeddable":true,"href":"https:\/\/buecherland-kaspar.de\/de\/wp-json\/wp\/v2\/product_cat?post=302"},{"taxonomy":"product_tag","embeddable":true,"href":"https:\/\/buecherland-kaspar.de\/de\/wp-json\/wp\/v2\/product_tag?post=302"}],"curies":[{"name":"wp","href":"https:\/\/api.w.org\/{rel}","templated":true}]}}