{"id":303,"date":"2020-04-17T19:45:00","date_gmt":"2020-04-17T17:45:00","guid":{"rendered":"http:\/\/buecherland-kaspar.de\/?post_type=product&#038;p=303"},"modified":"2020-04-20T20:11:05","modified_gmt":"2020-04-20T18:11:05","slug":"szerelmunk-lapjai","status":"publish","type":"product","link":"https:\/\/buecherland-kaspar.de\/de\/product\/szerelmunk-lapjai\/","title":{"rendered":"Szerelm\u00fcnk lapjai"},"content":{"rendered":"<p>\"Tudom, hogy nincs bennem semmi k\u00fcl\u00f6n\u00f6s. Az \u00e1tlagemberek \u00e1tlag\u00e9let\u00e9t \u00e9lem. Nem alkottam semmi eml\u00e9kezetest, nevem hamarosan hom\u00e1lyba v\u00e9sz, de tiszta sz\u00edvb\u0151l, igaz szerelemmel szerettem valakit, \u00e9s ez nekem teljesen el\u00e9g...\"\"<\/p>\n<p>A m\u0171 a v\u00e9gtelen szerelem sz\u00edvszor\u00edt\u00f3an gyeng\u00e9d t\u00f6rt\u00e9nete. 1946-ban, \u00c9szak-Karolin\u00e1ban kezd\u0151dik, amikor Noah Calhoun visszat\u00e9r a m\u00e1sodik vil\u00e1gh\u00e1bor\u00fab\u00f3l. A harmincegy \u00e9ves f\u00e9rfi, mik\u00f6zben megpr\u00f3b\u00e1lja birtok\u00e1t felvir\u00e1goztatni, folyton egy gy\u00f6ny\u00f6r\u0171 l\u00e1nyra gondol, akivel tizenn\u00e9gy \u00e9vvel kor\u00e1bban tal\u00e1lkozott, \u00e9s akit eddig mindenkin\u00e9l jobban szeretett. Az eml\u00e9keinek \u00e9l, eg\u00e9szen addig, am\u00edg a l\u00e1ny meg nem \u00e9rkezik a v\u00e1rosba. Mi t\u00f6rt\u00e9nt vel\u00fck az elm\u00falt \u00e9vekben, \u00e9s hogyan alakul tov\u00e1bbi \u00e9let\u00fck? Mindezt megtudhatjuk e p\u00e1ratlanul sz\u00e9p, mesterien sz\u0151tt, megrend\u00edt\u0151 \u00e9s igaz szerelmi reg\u00e9ny lapjair\u00f3l.\"<\/p>","protected":false},"excerpt":{"rendered":"<p>\"Tudom, hogy nincs bennem semmi k\u00fcl\u00f6n\u00f6s. Az \u00e1tlagemberek \u00e1tlag\u00e9let\u00e9t \u00e9lem. Nem alkottam semmi eml\u00e9kezetest, nevem hamarosan hom\u00e1lyba v\u00e9sz, de tiszta sz\u00edvb\u0151l, igaz szerelemmel szerettem valakit, \u00e9s ez nekem teljesen el\u00e9g...\"\" A m\u0171 a v\u00e9gtelen szerelem sz\u00edvszor\u00edt\u00f3an gyeng\u00e9d t\u00f6rt\u00e9nete. 1946-ban, \u00c9szak-Karolin\u00e1ban kezd\u0151dik, amikor Noah Calhoun visszat\u00e9r a m\u00e1sodik vil\u00e1gh\u00e1bor\u00fab\u00f3l. A harmincegy \u00e9ves f\u00e9rfi, mik\u00f6zben megpr\u00f3b\u00e1lja birtok\u00e1t [&hellip;]<\/p>","protected":false},"featured_media":336,"template":"","meta":[],"product_cat":[16],"product_tag":[],"acf":[],"_links":{"self":[{"href":"https:\/\/buecherland-kaspar.de\/de\/wp-json\/wp\/v2\/product\/303"}],"collection":[{"href":"https:\/\/buecherland-kaspar.de\/de\/wp-json\/wp\/v2\/product"}],"about":[{"href":"https:\/\/buecherland-kaspar.de\/de\/wp-json\/wp\/v2\/types\/product"}],"wp:featuredmedia":[{"embeddable":true,"href":"https:\/\/buecherland-kaspar.de\/de\/wp-json\/wp\/v2\/media\/336"}],"wp:attachment":[{"href":"https:\/\/buecherland-kaspar.de\/de\/wp-json\/wp\/v2\/media?parent=303"}],"wp:term":[{"taxonomy":"product_cat","embeddable":true,"href":"https:\/\/buecherland-kaspar.de\/de\/wp-json\/wp\/v2\/product_cat?post=303"},{"taxonomy":"product_tag","embeddable":true,"href":"https:\/\/buecherland-kaspar.de\/de\/wp-json\/wp\/v2\/product_tag?post=303"}],"curies":[{"name":"wp","href":"https:\/\/api.w.org\/{rel}","templated":true}]}}