{"id":304,"date":"2020-04-17T19:45:18","date_gmt":"2020-04-17T17:45:18","guid":{"rendered":"http:\/\/buecherland-kaspar.de\/?post_type=product&#038;p=304"},"modified":"2020-04-20T20:25:20","modified_gmt":"2020-04-20T18:25:20","slug":"orokolt-sors","status":"publish","type":"product","link":"https:\/\/buecherland-kaspar.de\/de\/product\/orokolt-sors\/","title":{"rendered":"\u00d6r\u00f6k\u00f6lt sors"},"content":{"rendered":"<p>Amikor elkezdj\u00fck kutatni elakad\u00e1saink, szorong\u00e1saink, elhib\u00e1zott p\u00e1rkapcsolataink, ism\u00e9tl\u0151d\u0151 kudarcaink ok\u00e1t, gyakran kider\u00fcl, hogy saj\u00e1t \u00e9let\u00fcnk t\u00f6rt\u00e9n\u00e9sei nem adnak megfelel\u0151 magyar\u00e1zatot. Ilyenkor \u00e9rdemes a t\u00e1gabb perspekt\u00edv\u00e1t is megvizsg\u00e1lni, \u00e9s sz\u00fcleink, nagysz\u00fcleink vagy ak\u00e1r a m\u00e9g kor\u00e1bbi gener\u00e1ci\u00f3k \u00e9letesem\u00e9nyeit is felt\u00e1rni.<br \/>\nA legt\u00f6bb esetben d\u00f6bbenten tapasztaljuk majd - amit a modern kutat\u00e1sok eredm\u00e9nyei is igazolnak -, hogy felmen\u0151ink traum\u00e1i, feldolgozatlan f\u00e9lelmei, kapcsolati t\u00f6r\u00e9sei m\u00e9g a hal\u00e1lukkal sem eny\u00e9sznek el, hanem benn\u00fcnk \u00e9lnek tov\u00e1bb. Az egykori h\u00e1bor\u00fas \u00fcld\u00f6ztet\u00e9s a mi \u00e9let\u00fcnkben depresszi\u00f3 form\u00e1j\u00e1ban jelentkezik, a kitelep\u00edt\u00e9s traum\u00e1ja \u00e1lland\u00f3 bizalmatlans\u00e1gban, az \u00e1rv\u00e1n maradt d\u00e9dmama k\u00f6t\u0151d\u00e9si vesztes\u00e9ge p\u00e1rkapcsolati kudarcokban, az \u00f6ngyilkos nagypapa eltitkolt t\u00f6rt\u00e9nete p\u00e1nikzavarban - hogy csak n\u00e9h\u00e1ny lehets\u00e9ges p\u00e9ld\u00e1t eml\u00edtsek.<br \/>\nSz\u00e1momra ma m\u00e1r egy\u00e9rtelm\u0171, hogy egyetlen ember sorsa sem \u00e9rthet\u0151 meg transzgener\u00e1ci\u00f3s szeml\u00e9let n\u00e9lk\u00fcl. Ha szeretn\u00e9nk megszabadulni k\u00ednz\u00f3 t\u00fcneteinkt\u0151l, vagy megv\u00e1ltoztatni zavar\u00f3 viselked\u00e9si \u00e9s \u00e9rzelmi mint\u00e1inkat, fel kell t\u00e1rnunk csal\u00e1dunk m\u00faltj\u00e1t.<br \/>\nEz gyakran nem egyszer\u0171 feladat, mert sok titkot, kimondatlan fesz\u00fclts\u00e9get hurcolunk magunkkal, \u00e9s adunk tov\u00e1bb gener\u00e1ci\u00f3r\u00f3l gener\u00e1ci\u00f3ra. A tabut\u00e9m\u00e1k pedig megakad\u00e1lyozz\u00e1k, hogy eg\u00e9szs\u00e9gesen \u00e9s \u0151szint\u00e9n kapcsol\u00f3djunk egym\u00e1shoz \u00e9s \u00f6nmagunkhoz.<br \/>\nEbben a k\u00f6nyvben szeretn\u00e9m v\u00e9gigvezetni az olvas\u00f3t egy transzgener\u00e1ci\u00f3s \u00f6nismereti \u00faton, hogy saj\u00e1t \u00e9let\u00e9ben tetten \u00e9rhesse \u00e9s helyrehozhassa a m\u00faltb\u00f3l meg\u00f6r\u00f6k\u00f6lt negat\u00edv \u00e9rzelmi viszonyul\u00e1sokat \u00e9s viselked\u00e9si mint\u00e1kat.<\/p>","protected":false},"excerpt":{"rendered":"<p>Amikor elkezdj\u00fck kutatni elakad\u00e1saink, szorong\u00e1saink, elhib\u00e1zott p\u00e1rkapcsolataink, ism\u00e9tl\u0151d\u0151 kudarcaink ok\u00e1t, gyakran kider\u00fcl, hogy saj\u00e1t \u00e9let\u00fcnk t\u00f6rt\u00e9n\u00e9sei nem adnak megfelel\u0151 magyar\u00e1zatot. Ilyenkor \u00e9rdemes a t\u00e1gabb perspekt\u00edv\u00e1t is megvizsg\u00e1lni, \u00e9s sz\u00fcleink, nagysz\u00fcleink vagy ak\u00e1r a m\u00e9g kor\u00e1bbi gener\u00e1ci\u00f3k \u00e9letesem\u00e9nyeit is felt\u00e1rni. A legt\u00f6bb esetben d\u00f6bbenten tapasztaljuk majd - amit a modern kutat\u00e1sok eredm\u00e9nyei is igazolnak -, hogy [&hellip;]<\/p>","protected":false},"featured_media":360,"template":"","meta":[],"product_cat":[16],"product_tag":[],"acf":[],"_links":{"self":[{"href":"https:\/\/buecherland-kaspar.de\/de\/wp-json\/wp\/v2\/product\/304"}],"collection":[{"href":"https:\/\/buecherland-kaspar.de\/de\/wp-json\/wp\/v2\/product"}],"about":[{"href":"https:\/\/buecherland-kaspar.de\/de\/wp-json\/wp\/v2\/types\/product"}],"wp:featuredmedia":[{"embeddable":true,"href":"https:\/\/buecherland-kaspar.de\/de\/wp-json\/wp\/v2\/media\/360"}],"wp:attachment":[{"href":"https:\/\/buecherland-kaspar.de\/de\/wp-json\/wp\/v2\/media?parent=304"}],"wp:term":[{"taxonomy":"product_cat","embeddable":true,"href":"https:\/\/buecherland-kaspar.de\/de\/wp-json\/wp\/v2\/product_cat?post=304"},{"taxonomy":"product_tag","embeddable":true,"href":"https:\/\/buecherland-kaspar.de\/de\/wp-json\/wp\/v2\/product_tag?post=304"}],"curies":[{"name":"wp","href":"https:\/\/api.w.org\/{rel}","templated":true}]}}