{"id":305,"date":"2020-04-17T19:45:34","date_gmt":"2020-04-17T17:45:34","guid":{"rendered":"http:\/\/buecherland-kaspar.de\/?post_type=product&#038;p=305"},"modified":"2020-04-20T20:34:16","modified_gmt":"2020-04-20T18:34:16","slug":"mi-magyarok","status":"publish","type":"product","link":"https:\/\/buecherland-kaspar.de\/de\/product\/mi-magyarok\/","title":{"rendered":"Mi, magyarok"},"content":{"rendered":"<p>Minden ember \u00e9lett\u00f6rt\u00e9nete izgalmas, de k\u00fcl\u00f6n\u00f6sk\u00e9ppen \u00e9rdekes, amikor valaki minden neh\u00e9zs\u00e9g ellen\u00e9re k\u00e9pes maradand\u00f3t alkotni. A 20. sz\u00e1zadban sok tehets\u00e9ges magyar hagyta el k\u00e9nyszer\u0171s\u00e9gb\u0151l Magyarorsz\u00e1got, hogy k\u00fclf\u00f6ld\u00f6n azt\u00e1n elk\u00e9peszt\u0151 sikereket \u00e9rjenek el. Ki jobban, ki kev\u00e9sb\u00e9 \u00e1polta magyar gy\u00f6kereit, az ut\u00f3kor azonban sokszor nincs tiszt\u00e1ban sz\u00e1rmaz\u00e1sukkal.<\/p>\n<p>A Facebookon hihetetlen n\u00e9pszer\u0171s\u00e9gnek \u00f6rvend\u0151 \u00dajs\u00e1gm\u00fazeum oldal szerkeszt\u0151je, Sal Endre szenved\u00e9lyesen kutatja ezeknek az elismert \u00e9s elfeledett magyar sz\u00e1rmaz\u00e1s\u00fa h\u00edress\u00e9geknek az \u00e9let\u00e9t. K\u00f6nyv\u00e9b\u0151l, a Mi, magyarokb\u00f3l kider\u00fcl, hogy ezek a tehets\u00e9ges emberek milyen sok \u00e1rnyalattal sz\u00ednes\u00edtett\u00e9k a vil\u00e1got. Van, akinek a Volkswagen Bogarat, m\u00e1snak a sz\u00ednes telev\u00edzi\u00f3z\u00e1st k\u00f6sz\u00f6nhetj\u00fck, m\u00e9gsem hallottuk a nev\u00e9t, s akad olyan is, aki New York legh\u00edresebb felh\u0151karcol\u00f3it tervezte, itthon m\u00e9gis szinte ismeretlen.<\/p>\n<p>Megannyi felemel\u0151, megr\u00e1z\u00f3 \u00e9s \u00e9rdekfesz\u00edt\u0151 t\u00f6rt\u00e9net, amelyet gazdag k\u00e9panyag \u00e9s sok kitekint\u0151 kieg\u00e9sz\u00edt\u00e9s tesz m\u00e9g leny\u0171g\u00f6z\u0151bb\u00e9.<\/p>\n<p>\"\"Az a sz\u00f3besz\u00e9d j\u00e1rja Amerik\u00e1ban, hogy k\u00e9t intelligens faj l\u00e9tezik a f\u00f6ld\u00f6n: az emberek \u00e9s a magyarok.\"\" Isaac Asimov<\/p>","protected":false},"excerpt":{"rendered":"<p>Minden ember \u00e9lett\u00f6rt\u00e9nete izgalmas, de k\u00fcl\u00f6n\u00f6sk\u00e9ppen \u00e9rdekes, amikor valaki minden neh\u00e9zs\u00e9g ellen\u00e9re k\u00e9pes maradand\u00f3t alkotni. A 20. sz\u00e1zadban sok tehets\u00e9ges magyar hagyta el k\u00e9nyszer\u0171s\u00e9gb\u0151l Magyarorsz\u00e1got, hogy k\u00fclf\u00f6ld\u00f6n azt\u00e1n elk\u00e9peszt\u0151 sikereket \u00e9rjenek el. Ki jobban, ki kev\u00e9sb\u00e9 \u00e1polta magyar gy\u00f6kereit, az ut\u00f3kor azonban sokszor nincs tiszt\u00e1ban sz\u00e1rmaz\u00e1sukkal. A Facebookon hihetetlen n\u00e9pszer\u0171s\u00e9gnek \u00f6rvend\u0151 \u00dajs\u00e1gm\u00fazeum oldal szerkeszt\u0151je, Sal [&hellip;]<\/p>","protected":false},"featured_media":373,"template":"","meta":[],"product_cat":[16],"product_tag":[],"acf":[],"_links":{"self":[{"href":"https:\/\/buecherland-kaspar.de\/de\/wp-json\/wp\/v2\/product\/305"}],"collection":[{"href":"https:\/\/buecherland-kaspar.de\/de\/wp-json\/wp\/v2\/product"}],"about":[{"href":"https:\/\/buecherland-kaspar.de\/de\/wp-json\/wp\/v2\/types\/product"}],"wp:featuredmedia":[{"embeddable":true,"href":"https:\/\/buecherland-kaspar.de\/de\/wp-json\/wp\/v2\/media\/373"}],"wp:attachment":[{"href":"https:\/\/buecherland-kaspar.de\/de\/wp-json\/wp\/v2\/media?parent=305"}],"wp:term":[{"taxonomy":"product_cat","embeddable":true,"href":"https:\/\/buecherland-kaspar.de\/de\/wp-json\/wp\/v2\/product_cat?post=305"},{"taxonomy":"product_tag","embeddable":true,"href":"https:\/\/buecherland-kaspar.de\/de\/wp-json\/wp\/v2\/product_tag?post=305"}],"curies":[{"name":"wp","href":"https:\/\/api.w.org\/{rel}","templated":true}]}}