{"id":306,"date":"2020-04-17T19:45:51","date_gmt":"2020-04-17T17:45:51","guid":{"rendered":"http:\/\/buecherland-kaspar.de\/?post_type=product&#038;p=306"},"modified":"2020-04-20T20:34:41","modified_gmt":"2020-04-20T18:34:41","slug":"otthonrol-hoztuk","status":"publish","type":"product","link":"https:\/\/buecherland-kaspar.de\/de\/product\/otthonrol-hoztuk\/","title":{"rendered":"Otthonr\u00f3l hoztuk"},"content":{"rendered":"<p>Megismerked\u00fcnk, egym\u00e1sba szeret\u00fcnk, \u00e9s eld\u00f6ntj\u00fck, hogy megpr\u00f3b\u00e1ljuk egy\u00fctt az \u00e9letet. \u00dagy t\u0171nik, teljesen tiszta lappal indulunk, hiszen ez egy \u00faj kapcsolat, \u00fagy alak\u00edtjuk, ahogy csak szeretn\u00e9nk. R\u00e1ad\u00e1sul tele vagyunk lelkesed\u00e9ssel, bizakod\u00e1ssal, egym\u00e1s ir\u00e1nti pozit\u00edv \u00e9rz\u00e9sekkel. Hamarosan m\u00e9gis azon kaphatjuk magunkat, hogy ez a kapcsolat is kezd \u00fagy alakulni, mint az el\u0151z\u0151ek - s\u0151t, m\u0171k\u00f6d\u00e9se gyan\u00fasan hasonl\u00edt arra is, amit hajdan otthon, a saj\u00e1t sz\u00e1rmaz\u00e1si csal\u00e1dunkban l\u00e1ttunk.<\/p>\n<p>\u00c9rdemes tiszt\u00e1ban lenn\u00fcnk azzal, hogy p\u00e1rkapcsolataink alapmint\u00e1j\u00e1t - vagyis azt, hogy mik\u00e9nt k\u00f6t\u0151d\u00fcnk a t\u00e1rsunkhoz, hogyan viszonyulunk hozz\u00e1, hogyan kommunik\u00e1lunk vele - a gyermekkorunkb\u00f3l hozzuk magunkkal. Mi is \u00e9s a t\u00e1rsunk is egy-egy \"\"alapcsomaggal\"\" \u00e9rkez\u00fcnk a kapcsolatba, \u00e9s viszonylag hamar kider\u00fcl, hogy m\u00e9ly bev\u00e9s\u0151d\u00e9sek hat\u00e1rozz\u00e1k meg k\u00f6z\u00f6s \u00e9let\u00fcnket. Gyakran meg sem tudjuk indokolni, hogy egy adott helyzetben mi\u00e9rt \u00e9rz\u00fcnk \u00e9s viselked\u00fcnk \u00e9ppen \u00fagy, ahogy, mert sz\u00e1mos automatikus, spont\u00e1n v\u00e1laszunk nem m\u00e1s, mint r\u00e9gi s\u00e9r\u00fcl\u00e9seink visszhangjai.<\/p>\n<p>Az is lehet, hogy mindezzel m\u00e1r valamelyest tiszt\u00e1ban vagyok, \u00e9s kijelentj\u00fck: mi biztosan nem lesz\u00fcnk olyanok, mint a sz\u00fcleink, nem \u00fagy fogunk b\u00e1nni egym\u00e1ssal, mint ahogy \u0151k tett\u00e9k. A tudatos elhat\u00e1roz\u00e1s azonban \u00f6nmag\u00e1ban kev\u00e9s a tudattalan mint\u00e1k \u00e1t\u00edr\u00e1s\u00e1hoz, \u00e9s azzal, hogy megmondjuk, mit nem akarunk lem\u00e1solni, m\u00e9g nem tett\u00fcnk egy l\u00e9p\u00e9st el\u0151re. Tov\u00e1bb az vezet, ha azt is megfogalmazzuk \u00e9s kidolgozzuk, mit tesz\u00fcnk helyette.<\/p>\n<p>A minket nem seg\u00edt\u0151 mint\u00e1k fel\u00fcl\u00edr\u00e1sa komoly, olykor h\u00f3napokig-\u00e9vekig tart\u00f3 l\u00e9lektani munk\u00e1t ig\u00e9nyel - de lehets\u00e9ges! A m\u00faltb\u00f3l meg\u00e9rkezhet\u00fcnk a jelenbe, ahol v\u00e9gre nem a hossz\u00fa \u00e9vekkel vagy \u00e9vtizedekkel kor\u00e1bban t\u00f6rt\u00e9nt esem\u00e9nyek, hanem az adott helyzet, az aktu\u00e1lis pillanat hat\u00e1rozza meg \u00e9rz\u00e9seinket \u00e9s viselked\u00e9s\u00fcnket.<\/p>","protected":false},"excerpt":{"rendered":"<p>Megismerked\u00fcnk, egym\u00e1sba szeret\u00fcnk, \u00e9s eld\u00f6ntj\u00fck, hogy megpr\u00f3b\u00e1ljuk egy\u00fctt az \u00e9letet. \u00dagy t\u0171nik, teljesen tiszta lappal indulunk, hiszen ez egy \u00faj kapcsolat, \u00fagy alak\u00edtjuk, ahogy csak szeretn\u00e9nk. R\u00e1ad\u00e1sul tele vagyunk lelkesed\u00e9ssel, bizakod\u00e1ssal, egym\u00e1s ir\u00e1nti pozit\u00edv \u00e9rz\u00e9sekkel. Hamarosan m\u00e9gis azon kaphatjuk magunkat, hogy ez a kapcsolat is kezd \u00fagy alakulni, mint az el\u0151z\u0151ek - s\u0151t, m\u0171k\u00f6d\u00e9se gyan\u00fasan [&hellip;]<\/p>","protected":false},"featured_media":374,"template":"","meta":[],"product_cat":[16],"product_tag":[],"acf":[],"_links":{"self":[{"href":"https:\/\/buecherland-kaspar.de\/de\/wp-json\/wp\/v2\/product\/306"}],"collection":[{"href":"https:\/\/buecherland-kaspar.de\/de\/wp-json\/wp\/v2\/product"}],"about":[{"href":"https:\/\/buecherland-kaspar.de\/de\/wp-json\/wp\/v2\/types\/product"}],"wp:featuredmedia":[{"embeddable":true,"href":"https:\/\/buecherland-kaspar.de\/de\/wp-json\/wp\/v2\/media\/374"}],"wp:attachment":[{"href":"https:\/\/buecherland-kaspar.de\/de\/wp-json\/wp\/v2\/media?parent=306"}],"wp:term":[{"taxonomy":"product_cat","embeddable":true,"href":"https:\/\/buecherland-kaspar.de\/de\/wp-json\/wp\/v2\/product_cat?post=306"},{"taxonomy":"product_tag","embeddable":true,"href":"https:\/\/buecherland-kaspar.de\/de\/wp-json\/wp\/v2\/product_tag?post=306"}],"curies":[{"name":"wp","href":"https:\/\/api.w.org\/{rel}","templated":true}]}}