{"id":307,"date":"2020-04-17T19:46:25","date_gmt":"2020-04-17T17:46:25","guid":{"rendered":"http:\/\/buecherland-kaspar.de\/?post_type=product&#038;p=307"},"modified":"2020-04-20T20:30:12","modified_gmt":"2020-04-20T18:30:12","slug":"halanaplo","status":"publish","type":"product","link":"https:\/\/buecherland-kaspar.de\/de\/product\/halanaplo\/","title":{"rendered":"H\u00e1lanapl\u00f3"},"content":{"rendered":"<p>Mindaz, ami\u00e9rt h\u00e1l\u00e1s vagy, megsokszoroz\u00f3dik az \u00e9letedben!<br \/>\nEz a sokoldal\u00fa napl\u00f3 medit\u00e1ci\u00f3kkal, id\u00e9zetekkel, \u00f6tletekkel \u00e9s j\u00e1t\u00e9kos feladatokkal t\u00e1rja fel el\u0151tted az \u00e9let naposabb oldal\u00e1t! A gyakorlatok elv\u00e9gz\u00e9s\u00e9vel a pozit\u00edv gondolkod\u00e1st be\u00e9p\u00edtheted napi rutinodba, n\u00f6velheted \u00f6ntudatoss\u00e1god, \u00e9s inspir\u00e1lhatod kreat\u00edv \u00e9ned kibontakoz\u00e1s\u00e1t. T\u00f6ltsd meg az \u00fcres lapokat gondolataiddal, tapasztalataiddal \u00e9s \u00e9lm\u00e9nyeiddel. Kapcsol\u00f3dj r\u00e1 a napl\u00f3val a h\u00e1la frekvenci\u00e1j\u00e1ra, hogy az univerzum megadhassa neked mindazt, amire v\u00e1gysz!<\/p>","protected":false},"excerpt":{"rendered":"<p>Mindaz, ami\u00e9rt h\u00e1l\u00e1s vagy, megsokszoroz\u00f3dik az \u00e9letedben! Ez a sokoldal\u00fa napl\u00f3 medit\u00e1ci\u00f3kkal, id\u00e9zetekkel, \u00f6tletekkel \u00e9s j\u00e1t\u00e9kos feladatokkal t\u00e1rja fel el\u0151tted az \u00e9let naposabb oldal\u00e1t! A gyakorlatok elv\u00e9gz\u00e9s\u00e9vel a pozit\u00edv gondolkod\u00e1st be\u00e9p\u00edtheted napi rutinodba, n\u00f6velheted \u00f6ntudatoss\u00e1god, \u00e9s inspir\u00e1lhatod kreat\u00edv \u00e9ned kibontakoz\u00e1s\u00e1t. T\u00f6ltsd meg az \u00fcres lapokat gondolataiddal, tapasztalataiddal \u00e9s \u00e9lm\u00e9nyeiddel. Kapcsol\u00f3dj r\u00e1 a napl\u00f3val a h\u00e1la [&hellip;]<\/p>","protected":false},"featured_media":366,"template":"","meta":[],"product_cat":[16],"product_tag":[],"acf":[],"_links":{"self":[{"href":"https:\/\/buecherland-kaspar.de\/de\/wp-json\/wp\/v2\/product\/307"}],"collection":[{"href":"https:\/\/buecherland-kaspar.de\/de\/wp-json\/wp\/v2\/product"}],"about":[{"href":"https:\/\/buecherland-kaspar.de\/de\/wp-json\/wp\/v2\/types\/product"}],"wp:featuredmedia":[{"embeddable":true,"href":"https:\/\/buecherland-kaspar.de\/de\/wp-json\/wp\/v2\/media\/366"}],"wp:attachment":[{"href":"https:\/\/buecherland-kaspar.de\/de\/wp-json\/wp\/v2\/media?parent=307"}],"wp:term":[{"taxonomy":"product_cat","embeddable":true,"href":"https:\/\/buecherland-kaspar.de\/de\/wp-json\/wp\/v2\/product_cat?post=307"},{"taxonomy":"product_tag","embeddable":true,"href":"https:\/\/buecherland-kaspar.de\/de\/wp-json\/wp\/v2\/product_tag?post=307"}],"curies":[{"name":"wp","href":"https:\/\/api.w.org\/{rel}","templated":true}]}}