{"id":384,"date":"2020-04-24T12:25:48","date_gmt":"2020-04-24T10:25:48","guid":{"rendered":"http:\/\/buecherland-kaspar.de\/?post_type=product&#038;p=384"},"modified":"2020-04-24T12:26:57","modified_gmt":"2020-04-24T10:26:57","slug":"a-7-kis-torpe-egyedul","status":"publish","type":"product","link":"https:\/\/buecherland-kaspar.de\/de\/product\/a-7-kis-torpe-egyedul\/","title":{"rendered":"A 7 kis t\u00f6rpe egyed\u00fcl"},"content":{"rendered":"<p>Grimm mes\u00e9j\u00e9nek m\u00e9lt\u00f3 folytat\u00e1sa. A kir\u00e1lyn\u0151v\u00e9 lett H\u00f3feh\u00e9rke nem feledkezik meg kis bar\u00e1tair\u00f3l. A var\u00e1zst\u00fck\u00f6r seg\u00edts\u00e9g\u00e9vel nyomon k\u00f6veti \u00e9let\u00fcket \u00e9s ha kell, seg\u00edts\u00e9g\u00fckre siet.<\/p>","protected":false},"excerpt":{"rendered":"<p>Grimm mes\u00e9j\u00e9nek m\u00e9lt\u00f3 folytat\u00e1sa. A kir\u00e1lyn\u0151v\u00e9 lett H\u00f3feh\u00e9rke nem feledkezik meg kis bar\u00e1tair\u00f3l. A var\u00e1zst\u00fck\u00f6r seg\u00edts\u00e9g\u00e9vel nyomon k\u00f6veti \u00e9let\u00fcket \u00e9s ha kell, seg\u00edts\u00e9g\u00fckre siet.<\/p>","protected":false},"featured_media":111,"template":"","meta":[],"product_cat":[36,15],"product_tag":[],"acf":[],"_links":{"self":[{"href":"https:\/\/buecherland-kaspar.de\/de\/wp-json\/wp\/v2\/product\/384"}],"collection":[{"href":"https:\/\/buecherland-kaspar.de\/de\/wp-json\/wp\/v2\/product"}],"about":[{"href":"https:\/\/buecherland-kaspar.de\/de\/wp-json\/wp\/v2\/types\/product"}],"wp:featuredmedia":[{"embeddable":true,"href":"https:\/\/buecherland-kaspar.de\/de\/wp-json\/wp\/v2\/media\/111"}],"wp:attachment":[{"href":"https:\/\/buecherland-kaspar.de\/de\/wp-json\/wp\/v2\/media?parent=384"}],"wp:term":[{"taxonomy":"product_cat","embeddable":true,"href":"https:\/\/buecherland-kaspar.de\/de\/wp-json\/wp\/v2\/product_cat?post=384"},{"taxonomy":"product_tag","embeddable":true,"href":"https:\/\/buecherland-kaspar.de\/de\/wp-json\/wp\/v2\/product_tag?post=384"}],"curies":[{"name":"wp","href":"https:\/\/api.w.org\/{rel}","templated":true}]}}