{"id":385,"date":"2020-04-24T12:31:23","date_gmt":"2020-04-24T10:31:23","guid":{"rendered":"http:\/\/buecherland-kaspar.de\/?post_type=product&#038;p=385"},"modified":"2020-04-24T12:31:23","modified_gmt":"2020-04-24T10:31:23","slug":"a-boldog-csalad","status":"publish","type":"product","link":"https:\/\/buecherland-kaspar.de\/de\/product\/a-boldog-csalad\/","title":{"rendered":"A boldog csal\u00e1d"},"content":{"rendered":"<p>Mese az id\u0151s csigap\u00e1rr\u00f3l, aki szerencs\u00e9sen felnevelheti fi\u00e1t, \u00e9s m\u00e9g a j\u00f6vend\u0151belit is kereshet neki.<\/p>","protected":false},"excerpt":{"rendered":"<p>Mese az id\u0151s csigap\u00e1rr\u00f3l, aki szerencs\u00e9sen felnevelheti fi\u00e1t, \u00e9s m\u00e9g a j\u00f6vend\u0151belit is kereshet neki.<\/p>","protected":false},"featured_media":111,"template":"","meta":[],"product_cat":[36,15],"product_tag":[],"acf":[],"_links":{"self":[{"href":"https:\/\/buecherland-kaspar.de\/de\/wp-json\/wp\/v2\/product\/385"}],"collection":[{"href":"https:\/\/buecherland-kaspar.de\/de\/wp-json\/wp\/v2\/product"}],"about":[{"href":"https:\/\/buecherland-kaspar.de\/de\/wp-json\/wp\/v2\/types\/product"}],"wp:featuredmedia":[{"embeddable":true,"href":"https:\/\/buecherland-kaspar.de\/de\/wp-json\/wp\/v2\/media\/111"}],"wp:attachment":[{"href":"https:\/\/buecherland-kaspar.de\/de\/wp-json\/wp\/v2\/media?parent=385"}],"wp:term":[{"taxonomy":"product_cat","embeddable":true,"href":"https:\/\/buecherland-kaspar.de\/de\/wp-json\/wp\/v2\/product_cat?post=385"},{"taxonomy":"product_tag","embeddable":true,"href":"https:\/\/buecherland-kaspar.de\/de\/wp-json\/wp\/v2\/product_tag?post=385"}],"curies":[{"name":"wp","href":"https:\/\/api.w.org\/{rel}","templated":true}]}}