{"id":386,"date":"2020-04-24T12:32:25","date_gmt":"2020-04-24T10:32:25","guid":{"rendered":"http:\/\/buecherland-kaspar.de\/?post_type=product&#038;p=386"},"modified":"2020-04-24T12:32:38","modified_gmt":"2020-04-24T10:32:38","slug":"a-bremai-muzsikusok","status":"publish","type":"product","link":"https:\/\/buecherland-kaspar.de\/de\/product\/a-bremai-muzsikusok\/","title":{"rendered":"A br\u00e9mai muzsikusok"},"content":{"rendered":"<p>Hogyan j\u00e1rnak t\u00fal az \u00e1llatok az ember esz\u00e9n?  N\u00e9gy j\u00f3bar\u00e1t, a szam\u00e1r, a kutya, a kakas \u00e9s a macska elhat\u00e1rozz\u00e1k, hogy Br\u00e9m\u00e1ba mennek, muzsikusnak. \u00datk\u00f6zben azonban meg\u00e9heznek. A h\u00e1zban, ahov\u00e1 bet\u00e9rn\u00e9nek, bety\u00e1rok tany\u00e1znak, de ez nem jelent akad\u00e1lyt. N\u00e9met nyelven (N0641) is kaphat\u00f3.<\/p>","protected":false},"excerpt":{"rendered":"<p>Hogyan j\u00e1rnak t\u00fal az \u00e1llatok az ember esz\u00e9n? N\u00e9gy j\u00f3bar\u00e1t, a szam\u00e1r, a kutya, a kakas \u00e9s a macska elhat\u00e1rozz\u00e1k, hogy Br\u00e9m\u00e1ba mennek, muzsikusnak. \u00datk\u00f6zben azonban meg\u00e9heznek. A h\u00e1zban, ahov\u00e1 bet\u00e9rn\u00e9nek, bety\u00e1rok tany\u00e1znak, de ez nem jelent akad\u00e1lyt. N\u00e9met nyelven (N0641) is kaphat\u00f3.<\/p>","protected":false},"featured_media":111,"template":"","meta":[],"product_cat":[36,15],"product_tag":[],"acf":[],"_links":{"self":[{"href":"https:\/\/buecherland-kaspar.de\/de\/wp-json\/wp\/v2\/product\/386"}],"collection":[{"href":"https:\/\/buecherland-kaspar.de\/de\/wp-json\/wp\/v2\/product"}],"about":[{"href":"https:\/\/buecherland-kaspar.de\/de\/wp-json\/wp\/v2\/types\/product"}],"wp:featuredmedia":[{"embeddable":true,"href":"https:\/\/buecherland-kaspar.de\/de\/wp-json\/wp\/v2\/media\/111"}],"wp:attachment":[{"href":"https:\/\/buecherland-kaspar.de\/de\/wp-json\/wp\/v2\/media?parent=386"}],"wp:term":[{"taxonomy":"product_cat","embeddable":true,"href":"https:\/\/buecherland-kaspar.de\/de\/wp-json\/wp\/v2\/product_cat?post=386"},{"taxonomy":"product_tag","embeddable":true,"href":"https:\/\/buecherland-kaspar.de\/de\/wp-json\/wp\/v2\/product_tag?post=386"}],"curies":[{"name":"wp","href":"https:\/\/api.w.org\/{rel}","templated":true}]}}