{"id":387,"date":"2020-04-24T12:33:20","date_gmt":"2020-04-24T10:33:20","guid":{"rendered":"http:\/\/buecherland-kaspar.de\/?post_type=product&#038;p=387"},"modified":"2020-04-24T12:33:34","modified_gmt":"2020-04-24T10:33:34","slug":"a-cinege-cipoje","status":"publish","type":"product","link":"https:\/\/buecherland-kaspar.de\/de\/product\/a-cinege-cipoje\/","title":{"rendered":"A cinege cip\u0151je"},"content":{"rendered":"<p>H\u00e1rom vers M\u00f3ra Ferenct\u0151l kis \u00f3vod\u00e1soknak.(A cinege cip\u0151je, A cs\u00f3kai cs\u00f3ka, Altat\u00f3)<\/p>","protected":false},"excerpt":{"rendered":"<p>H\u00e1rom vers M\u00f3ra Ferenct\u0151l kis \u00f3vod\u00e1soknak.(A cinege cip\u0151je, A cs\u00f3kai cs\u00f3ka, Altat\u00f3)<\/p>","protected":false},"featured_media":111,"template":"","meta":[],"product_cat":[36,15],"product_tag":[],"acf":[],"_links":{"self":[{"href":"https:\/\/buecherland-kaspar.de\/de\/wp-json\/wp\/v2\/product\/387"}],"collection":[{"href":"https:\/\/buecherland-kaspar.de\/de\/wp-json\/wp\/v2\/product"}],"about":[{"href":"https:\/\/buecherland-kaspar.de\/de\/wp-json\/wp\/v2\/types\/product"}],"wp:featuredmedia":[{"embeddable":true,"href":"https:\/\/buecherland-kaspar.de\/de\/wp-json\/wp\/v2\/media\/111"}],"wp:attachment":[{"href":"https:\/\/buecherland-kaspar.de\/de\/wp-json\/wp\/v2\/media?parent=387"}],"wp:term":[{"taxonomy":"product_cat","embeddable":true,"href":"https:\/\/buecherland-kaspar.de\/de\/wp-json\/wp\/v2\/product_cat?post=387"},{"taxonomy":"product_tag","embeddable":true,"href":"https:\/\/buecherland-kaspar.de\/de\/wp-json\/wp\/v2\/product_tag?post=387"}],"curies":[{"name":"wp","href":"https:\/\/api.w.org\/{rel}","templated":true}]}}