{"id":388,"date":"2020-04-24T12:34:18","date_gmt":"2020-04-24T10:34:18","guid":{"rendered":"http:\/\/buecherland-kaspar.de\/?post_type=product&#038;p=388"},"modified":"2020-04-24T12:34:18","modified_gmt":"2020-04-24T10:34:18","slug":"a-csillagszemu-juhasz","status":"publish","type":"product","link":"https:\/\/buecherland-kaspar.de\/de\/product\/a-csillagszemu-juhasz\/","title":{"rendered":"A csillagszem\u0171 juh\u00e1sz"},"content":{"rendered":"<p>Mese a b\u00e1tor juh\u00e1szleg\u00e9nyr\u0151l, aki nem engedelmeskedik a kir\u00e1ly parancs\u00e1nak, am\u00edg az feles\u00e9g\u00fcl nem adja neki a le\u00e1ny\u00e1t.<\/p>","protected":false},"excerpt":{"rendered":"<p>Mese a b\u00e1tor juh\u00e1szleg\u00e9nyr\u0151l, aki nem engedelmeskedik a kir\u00e1ly parancs\u00e1nak, am\u00edg az feles\u00e9g\u00fcl nem adja neki a le\u00e1ny\u00e1t.<\/p>","protected":false},"featured_media":111,"template":"","meta":[],"product_cat":[36,15],"product_tag":[],"acf":[],"_links":{"self":[{"href":"https:\/\/buecherland-kaspar.de\/de\/wp-json\/wp\/v2\/product\/388"}],"collection":[{"href":"https:\/\/buecherland-kaspar.de\/de\/wp-json\/wp\/v2\/product"}],"about":[{"href":"https:\/\/buecherland-kaspar.de\/de\/wp-json\/wp\/v2\/types\/product"}],"wp:featuredmedia":[{"embeddable":true,"href":"https:\/\/buecherland-kaspar.de\/de\/wp-json\/wp\/v2\/media\/111"}],"wp:attachment":[{"href":"https:\/\/buecherland-kaspar.de\/de\/wp-json\/wp\/v2\/media?parent=388"}],"wp:term":[{"taxonomy":"product_cat","embeddable":true,"href":"https:\/\/buecherland-kaspar.de\/de\/wp-json\/wp\/v2\/product_cat?post=388"},{"taxonomy":"product_tag","embeddable":true,"href":"https:\/\/buecherland-kaspar.de\/de\/wp-json\/wp\/v2\/product_tag?post=388"}],"curies":[{"name":"wp","href":"https:\/\/api.w.org\/{rel}","templated":true}]}}