{"id":389,"date":"2020-04-24T12:35:49","date_gmt":"2020-04-24T10:35:49","guid":{"rendered":"http:\/\/buecherland-kaspar.de\/?post_type=product&#038;p=389"},"modified":"2022-07-21T11:05:25","modified_gmt":"2022-07-21T09:05:25","slug":"a-csodaauto","status":"publish","type":"product","link":"https:\/\/buecherland-kaspar.de\/de\/product\/a-csodaauto\/","title":{"rendered":"A csodaaut\u00f3"},"content":{"rendered":"<p>Peti egy csodaaut\u00f3val \u00e1lmodik - eljut a sivatagba, az \u0151serd\u0151be, az eszkim\u00f3k f\u00f6ldj\u00e9re. Kalandos \u00fatj\u00e1n kuty\u00e1ja, F\u00fcles is elk\u00eds\u00e9ri.<\/p>","protected":false},"excerpt":{"rendered":"<p>Peti egy csodaaut\u00f3val \u00e1lmodik - eljut a sivatagba, az \u0151serd\u0151be, az eszkim\u00f3k f\u00f6ldj\u00e9re. Kalandos \u00fatj\u00e1n kuty\u00e1ja, F\u00fcles is elk\u00eds\u00e9ri.<\/p>","protected":false},"featured_media":111,"template":"","meta":[],"product_cat":[36,15],"product_tag":[],"acf":[],"_links":{"self":[{"href":"https:\/\/buecherland-kaspar.de\/de\/wp-json\/wp\/v2\/product\/389"}],"collection":[{"href":"https:\/\/buecherland-kaspar.de\/de\/wp-json\/wp\/v2\/product"}],"about":[{"href":"https:\/\/buecherland-kaspar.de\/de\/wp-json\/wp\/v2\/types\/product"}],"wp:featuredmedia":[{"embeddable":true,"href":"https:\/\/buecherland-kaspar.de\/de\/wp-json\/wp\/v2\/media\/111"}],"wp:attachment":[{"href":"https:\/\/buecherland-kaspar.de\/de\/wp-json\/wp\/v2\/media?parent=389"}],"wp:term":[{"taxonomy":"product_cat","embeddable":true,"href":"https:\/\/buecherland-kaspar.de\/de\/wp-json\/wp\/v2\/product_cat?post=389"},{"taxonomy":"product_tag","embeddable":true,"href":"https:\/\/buecherland-kaspar.de\/de\/wp-json\/wp\/v2\/product_tag?post=389"}],"curies":[{"name":"wp","href":"https:\/\/api.w.org\/{rel}","templated":true}]}}