{"id":396,"date":"2020-04-24T16:10:23","date_gmt":"2020-04-24T14:10:23","guid":{"rendered":"http:\/\/buecherland-kaspar.de\/?post_type=product&#038;p=396"},"modified":"2023-02-23T17:58:41","modified_gmt":"2023-02-23T16:58:41","slug":"a-didergo-kiraly","status":"publish","type":"product","link":"https:\/\/buecherland-kaspar.de\/de\/product\/a-didergo-kiraly\/","title":{"rendered":"A diderg\u0151 kir\u00e1ly"},"content":{"rendered":"<p>Mese a kir\u00e1lyr\u00f3l, aki mindig f\u00e1zik. Az erd\u0151 \u00f6sszes f\u00e1j\u00e1t, h\u00e1zak tetej\u00e9t elf\u0171tik m\u00e1r a kandall\u00f3j\u00e1ban, de hi\u00e1ba - m\u00edgnem egy \u00e1rtatlan, sz\u0151ke kisl\u00e1ny szem\u00e9be mondja az igazs\u00e1got\u2026<\/p>","protected":false},"excerpt":{"rendered":"<p>Mese a kir\u00e1lyr\u00f3l, aki mindig f\u00e1zik. Az erd\u0151 \u00f6sszes f\u00e1j\u00e1t, h\u00e1zak tetej\u00e9t elf\u0171tik m\u00e1r a kandall\u00f3j\u00e1ban, de hi\u00e1ba - m\u00edgnem egy \u00e1rtatlan, sz\u0151ke kisl\u00e1ny szem\u00e9be mondja az igazs\u00e1got\u2026<\/p>","protected":false},"featured_media":111,"template":"","meta":[],"product_cat":[36,15],"product_tag":[],"acf":[],"_links":{"self":[{"href":"https:\/\/buecherland-kaspar.de\/de\/wp-json\/wp\/v2\/product\/396"}],"collection":[{"href":"https:\/\/buecherland-kaspar.de\/de\/wp-json\/wp\/v2\/product"}],"about":[{"href":"https:\/\/buecherland-kaspar.de\/de\/wp-json\/wp\/v2\/types\/product"}],"wp:featuredmedia":[{"embeddable":true,"href":"https:\/\/buecherland-kaspar.de\/de\/wp-json\/wp\/v2\/media\/111"}],"wp:attachment":[{"href":"https:\/\/buecherland-kaspar.de\/de\/wp-json\/wp\/v2\/media?parent=396"}],"wp:term":[{"taxonomy":"product_cat","embeddable":true,"href":"https:\/\/buecherland-kaspar.de\/de\/wp-json\/wp\/v2\/product_cat?post=396"},{"taxonomy":"product_tag","embeddable":true,"href":"https:\/\/buecherland-kaspar.de\/de\/wp-json\/wp\/v2\/product_tag?post=396"}],"curies":[{"name":"wp","href":"https:\/\/api.w.org\/{rel}","templated":true}]}}