{"id":403,"date":"2020-04-29T20:56:44","date_gmt":"2020-04-29T18:56:44","guid":{"rendered":"http:\/\/buecherland-kaspar.de\/?post_type=product&#038;p=403"},"modified":"2023-02-23T17:59:03","modified_gmt":"2023-02-23T16:59:03","slug":"iciri-piciri","status":"publish","type":"product","link":"https:\/\/buecherland-kaspar.de\/de\/product\/iciri-piciri\/","title":{"rendered":"Iciri-Piciri"},"content":{"rendered":"<p>Hov\u00e1 lett az iciri-pici \u00f6kr\u00f6cske? Verses mese a kismacsk\u00e1r\u00f3l \u00e9s az elt\u0171nt \u00f6kr\u00f6csk\u00e9kr\u0151l.<\/p>","protected":false},"excerpt":{"rendered":"<p>Hov\u00e1 lett az iciri-pici \u00f6kr\u00f6cske? Verses mese a kismacsk\u00e1r\u00f3l \u00e9s az elt\u0171nt \u00f6kr\u00f6csk\u00e9kr\u0151l.<\/p>","protected":false},"featured_media":111,"template":"","meta":[],"product_cat":[36,15],"product_tag":[],"acf":[],"_links":{"self":[{"href":"https:\/\/buecherland-kaspar.de\/de\/wp-json\/wp\/v2\/product\/403"}],"collection":[{"href":"https:\/\/buecherland-kaspar.de\/de\/wp-json\/wp\/v2\/product"}],"about":[{"href":"https:\/\/buecherland-kaspar.de\/de\/wp-json\/wp\/v2\/types\/product"}],"wp:featuredmedia":[{"embeddable":true,"href":"https:\/\/buecherland-kaspar.de\/de\/wp-json\/wp\/v2\/media\/111"}],"wp:attachment":[{"href":"https:\/\/buecherland-kaspar.de\/de\/wp-json\/wp\/v2\/media?parent=403"}],"wp:term":[{"taxonomy":"product_cat","embeddable":true,"href":"https:\/\/buecherland-kaspar.de\/de\/wp-json\/wp\/v2\/product_cat?post=403"},{"taxonomy":"product_tag","embeddable":true,"href":"https:\/\/buecherland-kaspar.de\/de\/wp-json\/wp\/v2\/product_tag?post=403"}],"curies":[{"name":"wp","href":"https:\/\/api.w.org\/{rel}","templated":true}]}}