{"id":87,"date":"2020-02-26T15:17:56","date_gmt":"2020-02-26T14:17:56","guid":{"rendered":"http:\/\/buecherland-kaspar.de\/?post_type=product&#038;p=87"},"modified":"2020-04-17T18:42:34","modified_gmt":"2020-04-17T16:42:34","slug":"galaxis-utikalauz-stopposoknak","status":"publish","type":"product","link":"https:\/\/buecherland-kaspar.de\/de\/product\/galaxis-utikalauz-stopposoknak\/","title":{"rendered":"Galaxis \u00fatikalauz stopposoknak"},"content":{"rendered":"<p>Ez \u200ba t\u00f6rt\u00e9net a sz\u00f6rnyen ostoba cs\u00fct\u00f6rt\u00f6kr\u0151l \u00e9s a rendk\u00edv\u00fcli k\u00f6vetkezm\u00e9nyeir\u0151l sz\u00f3l, \u00e9s arr\u00f3l, hogy mi\u00e9rt sokkal biztons\u00e1gosabb a vil\u00e1gegyetem, ha van n\u00e1lunk egy t\u00f6r\u00fclk\u00f6z\u0151. Ez a t\u00f6rt\u00e9net emellett egy k\u00f6nyvr\u0151l is sz\u00f3l, melynek c\u00edme: Galaxis \u00datikalauz stopposoknak. Ez nem f\u00f6ldi k\u00f6nyv, sosem adt\u00e1k ki a F\u00f6ld\u00f6n, \u00e9s a sz\u00f6rny\u0171 katasztr\u00f3f\u00e1t megel\u0151z\u0151en egyetlen f\u00f6ldlak\u00f3 se l\u00e1tta vagy hallott r\u00f3la. A k\u00f6nyv mindazon\u00e1ltal szerfelett figyelemrem\u00e9lt\u00f3. Val\u00f3sz\u00edn\u0171leg ez a legfigyelemrem\u00e9lt\u00f3bb k\u00f6nyv, ami csak napvil\u00e1got l\u00e1tott a Kisg\u00f6nc\u00f6l \u00f3ri\u00e1si kiad\u00f3hivatalainak gondoz\u00e1s\u00e1ban \u2013 b\u00e1r a f\u00f6ldlak\u00f3k ezekr\u0151l se hallottak. Ez a k\u00f6nyv nem csup\u00e1n hallatlanul figyelemrem\u00e9lt\u00f3, hanem elk\u00e9peszt\u0151en sikeres is. N\u00e9pszer\u0171bb, mint a Mennyei H\u00e1zi Mindentud\u00f3, jobban fogy, mint a Hatvanh\u00e1rom Tov\u00e1bbi Figura S\u00falytalans\u00e1g Eset\u00e9re c\u00edm\u0171 illusztr\u00e1lt kiadv\u00e1ny, \u00e9s ellentmond\u00e1sosabb, mint Oolon Coluphid filoz\u00f3fiai bombak\u00e9nt robban\u00f3 tril\u00f3gi\u00e1ja: a Hol T\u00e9vedett Isten, a M\u00e9g N\u00e9h\u00e1ny Isten Legs\u00falyosabb T\u00e9ved\u00e9seib\u0151l \u00e9s a V\u00e9g\u00fcl Is Kicsoda Ez Az Isten Egy\u00e1ltal\u00e1n? A Galaxis K\u00fcls\u0151 Perem\u00e9nek n\u00e9h\u00e1ny liber\u00e1lisabb civiliz\u00e1ci\u00f3ja sz\u00e1m\u00e1ra a Galaxis \u00datikalauz m\u00e1r kiszor\u00edtotta a hatalmas Encyclopaedia Galactic\u00e1t, s egyed\u00fcl t\u00f6lti be az \u00f6sszes tud\u00e1s \u00e9s b\u00f6lcsess\u00e9g t\u00e1rh\u00e1z\u00e1nak szerep\u00e9t, mert noha sok benne a h\u00e9zag, \u00e9s tele van k\u00e9tes, de legal\u00e1bbis \u00fcv\u00f6lt\u0151en pontatlan adattal, k\u00e9t fontos vonatkoz\u00e1sban fel\u00fclm\u00falja kev\u00e9sb\u00e9 sz\u00e1rnyal\u00f3 el\u0151dj\u00e9t. Egyr\u00e9szt n\u00e9mileg olcs\u00f3bb. M\u00e1sr\u00e9szt bor\u00edt\u00f3j\u00e1n a k\u00f6vetkez\u0151 szavak l\u00e1that\u00f3k, sz\u00e9p nagy bet\u0171kkel szedve: NE ESS P\u00c1NIKBA!<\/p>","protected":false},"excerpt":{"rendered":"<p>Ez \u200ba t\u00f6rt\u00e9net a sz\u00f6rnyen ostoba cs\u00fct\u00f6rt\u00f6kr\u0151l \u00e9s a rendk\u00edv\u00fcli k\u00f6vetkezm\u00e9nyeir\u0151l sz\u00f3l, \u00e9s arr\u00f3l, hogy mi\u00e9rt sokkal biztons\u00e1gosabb a vil\u00e1gegyetem, ha van n\u00e1lunk egy t\u00f6r\u00fclk\u00f6z\u0151. Ez a t\u00f6rt\u00e9net emellett egy k\u00f6nyvr\u0151l is sz\u00f3l, melynek c\u00edme: Galaxis \u00datikalauz stopposoknak. Ez nem f\u00f6ldi k\u00f6nyv, sosem adt\u00e1k ki a F\u00f6ld\u00f6n, \u00e9s a sz\u00f6rny\u0171 katasztr\u00f3f\u00e1t megel\u0151z\u0151en egyetlen f\u00f6ldlak\u00f3 se [&hellip;]<\/p>","protected":false},"featured_media":88,"template":"","meta":[],"product_cat":[16],"product_tag":[],"acf":[],"_links":{"self":[{"href":"https:\/\/buecherland-kaspar.de\/de\/wp-json\/wp\/v2\/product\/87"}],"collection":[{"href":"https:\/\/buecherland-kaspar.de\/de\/wp-json\/wp\/v2\/product"}],"about":[{"href":"https:\/\/buecherland-kaspar.de\/de\/wp-json\/wp\/v2\/types\/product"}],"wp:featuredmedia":[{"embeddable":true,"href":"https:\/\/buecherland-kaspar.de\/de\/wp-json\/wp\/v2\/media\/88"}],"wp:attachment":[{"href":"https:\/\/buecherland-kaspar.de\/de\/wp-json\/wp\/v2\/media?parent=87"}],"wp:term":[{"taxonomy":"product_cat","embeddable":true,"href":"https:\/\/buecherland-kaspar.de\/de\/wp-json\/wp\/v2\/product_cat?post=87"},{"taxonomy":"product_tag","embeddable":true,"href":"https:\/\/buecherland-kaspar.de\/de\/wp-json\/wp\/v2\/product_tag?post=87"}],"curies":[{"name":"wp","href":"https:\/\/api.w.org\/{rel}","templated":true}]}}