{"id":90,"date":"2020-02-26T18:19:56","date_gmt":"2020-02-26T17:19:56","guid":{"rendered":"http:\/\/buecherland-kaspar.de\/?post_type=product&#038;p=90"},"modified":"2020-04-17T18:42:34","modified_gmt":"2020-04-17T16:42:34","slug":"a-13-es-%c2%be-eves-adrian-mole-titkos-naploja","status":"publish","type":"product","link":"https:\/\/buecherland-kaspar.de\/de\/product\/a-13-es-%c2%be-eves-adrian-mole-titkos-naploja\/","title":{"rendered":"A 13 \u00e9s \u00be \u00e9ves Adrian Mole titkos napl\u00f3ja"},"content":{"rendered":"<p>1982. janu\u00e1r 1. P\u00e9ntek \u00daj\u00e9vi elhat\u00e1roz\u00e1saim: 1. H\u0171 leszek Pandor\u00e1hoz. 2. \u00c9jszak\u00e1ra beviszem a biciklit. 3. Nem olvasok f\u00e9rcm\u0171veket. 4. Kem\u00e9nyen tanulok a vizsg\u00e1kra, \u00e9s kit\u0171n\u0151ket szerzek. 5. Igyekszem kedvesebb lenni a kuty\u00e1hoz. 6. L\u00e9lekben megpr\u00f3b\u00e1lom megbocs\u00e1tani Barry Kent b\u0171neit. 7. Haszn\u00e1lat ut\u00e1n kimosom a f\u00fcrd\u0151k\u00e1dat. 8. Nem idegeskedem a farkam m\u00e9retei miatt. 9. Minden este v\u00e9gigcsin\u00e1lom a gerincny\u00fajt\u00f3 gyakorlatokat, kihagy\u00e1s n\u00e9lk\u00fcl. 10. Mindennap megtanulok \u00e9s haszn\u00e1lok egy \u00faj sz\u00f3t.<\/p>","protected":false},"excerpt":{"rendered":"<p>1982. janu\u00e1r 1. P\u00e9ntek \u00daj\u00e9vi elhat\u00e1roz\u00e1saim: 1. H\u0171 leszek Pandor\u00e1hoz. 2. \u00c9jszak\u00e1ra beviszem a biciklit. 3. Nem olvasok f\u00e9rcm\u0171veket. 4. Kem\u00e9nyen tanulok a vizsg\u00e1kra, \u00e9s kit\u0171n\u0151ket szerzek. 5. Igyekszem kedvesebb lenni a kuty\u00e1hoz. 6. L\u00e9lekben megpr\u00f3b\u00e1lom megbocs\u00e1tani Barry Kent b\u0171neit. 7. Haszn\u00e1lat ut\u00e1n kimosom a f\u00fcrd\u0151k\u00e1dat. 8. Nem idegeskedem a farkam m\u00e9retei miatt. 9. Minden [&hellip;]<\/p>","protected":false},"featured_media":91,"template":"","meta":[],"product_cat":[16],"product_tag":[],"acf":[],"_links":{"self":[{"href":"https:\/\/buecherland-kaspar.de\/de\/wp-json\/wp\/v2\/product\/90"}],"collection":[{"href":"https:\/\/buecherland-kaspar.de\/de\/wp-json\/wp\/v2\/product"}],"about":[{"href":"https:\/\/buecherland-kaspar.de\/de\/wp-json\/wp\/v2\/types\/product"}],"wp:featuredmedia":[{"embeddable":true,"href":"https:\/\/buecherland-kaspar.de\/de\/wp-json\/wp\/v2\/media\/91"}],"wp:attachment":[{"href":"https:\/\/buecherland-kaspar.de\/de\/wp-json\/wp\/v2\/media?parent=90"}],"wp:term":[{"taxonomy":"product_cat","embeddable":true,"href":"https:\/\/buecherland-kaspar.de\/de\/wp-json\/wp\/v2\/product_cat?post=90"},{"taxonomy":"product_tag","embeddable":true,"href":"https:\/\/buecherland-kaspar.de\/de\/wp-json\/wp\/v2\/product_tag?post=90"}],"curies":[{"name":"wp","href":"https:\/\/api.w.org\/{rel}","templated":true}]}}