{"id":92,"date":"2020-02-26T18:37:04","date_gmt":"2020-02-26T17:37:04","guid":{"rendered":"http:\/\/buecherland-kaspar.de\/?post_type=product&#038;p=92"},"modified":"2020-04-17T18:42:34","modified_gmt":"2020-04-17T16:42:34","slug":"egy-%e2%80%8bgesa-emlekiratai","status":"publish","type":"product","link":"https:\/\/buecherland-kaspar.de\/de\/product\/egy-%e2%80%8bgesa-emlekiratai\/","title":{"rendered":"Egy \u200bg\u00e9sa eml\u00e9kiratai"},"content":{"rendered":"<p>Elb\u0171v\u00f6l\u0151, l\u00e9legzetel\u00e1ll\u00edt\u00f3 t\u00f6rt\u00e9net egy titokzatos vil\u00e1gr\u00f3l, amely egy let\u0171nt kult\u00fara rejtelmeibe, egy jap\u00e1n g\u00e9sa \u00e9let\u00e9be enged bepillantani. A t\u00f6rt\u00e9net egy szeg\u00e9ny hal\u00e1szfalub\u00f3l elker\u00fcl\u0151 9 \u00e9ves, k\u00e9k szem\u0171 kisl\u00e1nyr\u00f3l sz\u00f3l, akit eladnak egy g\u00e9sa h\u00e1zba . A h\u0171 \u00f6n\u00e9letrajzi le\u00edr\u00e1sb\u00f3l tan\u00fai lehet\u00fcnk \u00e9lete \u00e1talakul\u00e1s\u00e1nak, mik\u00f6zben beletanul a g\u00e9s\u00e1k szigor\u00fa m\u0171v\u00e9szet\u00e9be, ahol a szerelem csak ill\u00fazi\u00f3, ahol a sz\u00fczess\u00e9g a legmagasabb \u00e1ron kel el, ahol a n\u0151 feladata, hogy szolg\u00e1ljon \u00e9s tud\u00e1s\u00e1val elb\u0171v\u00f6lje a befoly\u00e1sos f\u00e9rfiakat. \u00c1t\u00e9lhetj\u00fck a h\u00e1bor\u00fa okozta v\u00e1ltoz\u00e1st, amely egy \u00faj \u00e9letforma kialak\u00edt\u00e1s\u00e1ra k\u00e9nyszer\u00edti a g\u00e9s\u00e1kat, nem hoz szabads\u00e1got csak k\u00e9ts\u00e9gbees\u00e9st \u00e9s v\u00edv\u00f3d\u00e1st.<\/p>","protected":false},"excerpt":{"rendered":"<p>Elb\u0171v\u00f6l\u0151, l\u00e9legzetel\u00e1ll\u00edt\u00f3 t\u00f6rt\u00e9net egy titokzatos vil\u00e1gr\u00f3l, amely egy let\u0171nt kult\u00fara rejtelmeibe, egy jap\u00e1n g\u00e9sa \u00e9let\u00e9be enged bepillantani. A t\u00f6rt\u00e9net egy szeg\u00e9ny hal\u00e1szfalub\u00f3l elker\u00fcl\u0151 9 \u00e9ves, k\u00e9k szem\u0171 kisl\u00e1nyr\u00f3l sz\u00f3l, akit eladnak egy g\u00e9sa h\u00e1zba . A h\u0171 \u00f6n\u00e9letrajzi le\u00edr\u00e1sb\u00f3l tan\u00fai lehet\u00fcnk \u00e9lete \u00e1talakul\u00e1s\u00e1nak, mik\u00f6zben beletanul a g\u00e9s\u00e1k szigor\u00fa m\u0171v\u00e9szet\u00e9be, ahol a szerelem csak ill\u00fazi\u00f3, ahol [&hellip;]<\/p>","protected":false},"featured_media":93,"template":"","meta":[],"product_cat":[16],"product_tag":[],"acf":[],"_links":{"self":[{"href":"https:\/\/buecherland-kaspar.de\/de\/wp-json\/wp\/v2\/product\/92"}],"collection":[{"href":"https:\/\/buecherland-kaspar.de\/de\/wp-json\/wp\/v2\/product"}],"about":[{"href":"https:\/\/buecherland-kaspar.de\/de\/wp-json\/wp\/v2\/types\/product"}],"wp:featuredmedia":[{"embeddable":true,"href":"https:\/\/buecherland-kaspar.de\/de\/wp-json\/wp\/v2\/media\/93"}],"wp:attachment":[{"href":"https:\/\/buecherland-kaspar.de\/de\/wp-json\/wp\/v2\/media?parent=92"}],"wp:term":[{"taxonomy":"product_cat","embeddable":true,"href":"https:\/\/buecherland-kaspar.de\/de\/wp-json\/wp\/v2\/product_cat?post=92"},{"taxonomy":"product_tag","embeddable":true,"href":"https:\/\/buecherland-kaspar.de\/de\/wp-json\/wp\/v2\/product_tag?post=92"}],"curies":[{"name":"wp","href":"https:\/\/api.w.org\/{rel}","templated":true}]}}