{"id":97,"date":"2020-02-27T15:00:11","date_gmt":"2020-02-27T14:00:11","guid":{"rendered":"http:\/\/buecherland-kaspar.de\/?post_type=product&#038;p=97"},"modified":"2020-04-17T18:42:34","modified_gmt":"2020-04-17T16:42:34","slug":"fomo-megosztod-es-uralkodsz","status":"publish","type":"product","link":"https:\/\/buecherland-kaspar.de\/de\/product\/fomo-megosztod-es-uralkodsz\/","title":{"rendered":"FOMO - megosztod \u00e9s uralkodsz"},"content":{"rendered":"<p>Ha nem vagy online, nem is l\u00e9tezel? A gimnazista Gerg\u0151t \u00e9s bar\u00e1tait, azaz a Falka tagjait h\u00e1rom dolog motiv\u00e1lja: a szex, a buli \u00e9s hogy az ezekr\u0151l k\u00e9sz\u00fclt vide\u00f3kat min\u00e9l t\u00f6bben megn\u00e9zz\u00e9k a netes csatorn\u00e1jukon. A challenge-vide\u00f3ik id\u0151vel egyre durv\u00e1bb\u00e1 v\u00e1lnak, amikor pedig egy h\u00e1zibuliban Lilla a fi\u00fabanda pr\u00e9d\u00e1j\u00e1v\u00e1 v\u00e1lik, egyetlen \u00e9jszaka alatt a feje tetej\u00e9re \u00e1ll a budapesti fiatalok biztosnak t\u0171n\u0151 vil\u00e1ga. A t\u00f6bbek k\u00f6z\u00f6tt a Mary PopKids, a Fran Palermo, Deep Glaze \u00e9s a H\u0151s\u00f6k zen\u00e9ivel al\u00e1festett FOMO az ezredfordul\u00f3n sz\u00fcletettek hiteles filmje. Olyan lend\u00fclettel visz be a fiatalok mindennapjaiba \u2013 \u00e9s \u00e9jszak\u00e1iba \u2013, ahogy magyar filmt\u0151l m\u00e9g nem l\u00e1thattuk.<\/p>","protected":false},"excerpt":{"rendered":"<p>Ha nem vagy online, nem is l\u00e9tezel? A gimnazista Gerg\u0151t \u00e9s bar\u00e1tait, azaz a Falka tagjait h\u00e1rom dolog motiv\u00e1lja: a szex, a buli \u00e9s hogy az ezekr\u0151l k\u00e9sz\u00fclt vide\u00f3kat min\u00e9l t\u00f6bben megn\u00e9zz\u00e9k a netes csatorn\u00e1jukon. A challenge-vide\u00f3ik id\u0151vel egyre durv\u00e1bb\u00e1 v\u00e1lnak, amikor pedig egy h\u00e1zibuliban Lilla a fi\u00fabanda pr\u00e9d\u00e1j\u00e1v\u00e1 v\u00e1lik, egyetlen \u00e9jszaka alatt a feje [&hellip;]<\/p>","protected":false},"featured_media":98,"template":"","meta":[],"product_cat":[17],"product_tag":[],"acf":[],"_links":{"self":[{"href":"https:\/\/buecherland-kaspar.de\/de\/wp-json\/wp\/v2\/product\/97"}],"collection":[{"href":"https:\/\/buecherland-kaspar.de\/de\/wp-json\/wp\/v2\/product"}],"about":[{"href":"https:\/\/buecherland-kaspar.de\/de\/wp-json\/wp\/v2\/types\/product"}],"wp:featuredmedia":[{"embeddable":true,"href":"https:\/\/buecherland-kaspar.de\/de\/wp-json\/wp\/v2\/media\/98"}],"wp:attachment":[{"href":"https:\/\/buecherland-kaspar.de\/de\/wp-json\/wp\/v2\/media?parent=97"}],"wp:term":[{"taxonomy":"product_cat","embeddable":true,"href":"https:\/\/buecherland-kaspar.de\/de\/wp-json\/wp\/v2\/product_cat?post=97"},{"taxonomy":"product_tag","embeddable":true,"href":"https:\/\/buecherland-kaspar.de\/de\/wp-json\/wp\/v2\/product_tag?post=97"}],"curies":[{"name":"wp","href":"https:\/\/api.w.org\/{rel}","templated":true}]}}