{"id":99,"date":"2020-02-27T15:02:00","date_gmt":"2020-02-27T14:02:00","guid":{"rendered":"http:\/\/buecherland-kaspar.de\/?post_type=product&#038;p=99"},"modified":"2020-04-17T18:42:34","modified_gmt":"2020-04-17T16:42:34","slug":"vissza-a-jovobe-2","status":"publish","type":"product","link":"https:\/\/buecherland-kaspar.de\/de\/product\/vissza-a-jovobe-2\/","title":{"rendered":"Vissza a j\u00f6v\u0151be 2."},"content":{"rendered":"<p>Marty m\u00e9g kis sem pihenhette a m\u00faltban \u00e1t\u00e9lt kalandokat, amikor m\u00e1ris \u00fajra be kell sz\u00e1llnia az id\u0151g\u00e9pbe. A Doki ugyanis j\u00e1rt a j\u00f6v\u0151ben \u00e9s l\u00e1tta, hogy a McFly csal\u00e1d komoly bajban van. A Doki \u00e9s Marty besz\u00e1llnak a De Lorean-ba \u00e9s ell\u00e1togatnak 2015-be, ahol l\u00e9legzetel\u00e1ll\u00edt\u00f3 kalandok sor\u00e1n \u00fagy t\u0171nik megoldj\u00e1k a McFly csal\u00e1d n\u00e9h\u00e1ny j\u00f6v\u0151beni probl\u00e9m\u00e1j\u00e1t.<\/p>\n<p>Amikor azonban visszat\u00e9rnek a jelenbe, hamarosan r\u00e1 kell d\u00f6bbenni\u00fck, hogy valaki fenekest\u00fcl felforgatta az id\u0151t \u00e9s r\u00e9ms\u00e9ges k\u00f6r\u00fclm\u00e9nyeket teremtett az 1985-\u00f6s Hill Valley-ben. Az egyetlen rem\u00e9ny, visszat\u00e9rni 1955-be \u00e9s megmenteni a j\u00f6v\u0151t - vagyis a jelen\u00fcket, amit valaki a t\u00e1voli j\u00f6v\u0151b\u0151l felforgatott...<\/p>","protected":false},"excerpt":{"rendered":"<p>Marty m\u00e9g kis sem pihenhette a m\u00faltban \u00e1t\u00e9lt kalandokat, amikor m\u00e1ris \u00fajra be kell sz\u00e1llnia az id\u0151g\u00e9pbe. A Doki ugyanis j\u00e1rt a j\u00f6v\u0151ben \u00e9s l\u00e1tta, hogy a McFly csal\u00e1d komoly bajban van. A Doki \u00e9s Marty besz\u00e1llnak a De Lorean-ba \u00e9s ell\u00e1togatnak 2015-be, ahol l\u00e9legzetel\u00e1ll\u00edt\u00f3 kalandok sor\u00e1n \u00fagy t\u0171nik megoldj\u00e1k a McFly csal\u00e1d n\u00e9h\u00e1ny j\u00f6v\u0151beni [&hellip;]<\/p>","protected":false},"featured_media":100,"template":"","meta":[],"product_cat":[17],"product_tag":[],"acf":[],"_links":{"self":[{"href":"https:\/\/buecherland-kaspar.de\/de\/wp-json\/wp\/v2\/product\/99"}],"collection":[{"href":"https:\/\/buecherland-kaspar.de\/de\/wp-json\/wp\/v2\/product"}],"about":[{"href":"https:\/\/buecherland-kaspar.de\/de\/wp-json\/wp\/v2\/types\/product"}],"wp:featuredmedia":[{"embeddable":true,"href":"https:\/\/buecherland-kaspar.de\/de\/wp-json\/wp\/v2\/media\/100"}],"wp:attachment":[{"href":"https:\/\/buecherland-kaspar.de\/de\/wp-json\/wp\/v2\/media?parent=99"}],"wp:term":[{"taxonomy":"product_cat","embeddable":true,"href":"https:\/\/buecherland-kaspar.de\/de\/wp-json\/wp\/v2\/product_cat?post=99"},{"taxonomy":"product_tag","embeddable":true,"href":"https:\/\/buecherland-kaspar.de\/de\/wp-json\/wp\/v2\/product_tag?post=99"}],"curies":[{"name":"wp","href":"https:\/\/api.w.org\/{rel}","templated":true}]}}